{"id":314,"date":"2026-04-17T11:36:29","date_gmt":"2026-04-17T11:36:29","guid":{"rendered":"https:\/\/aetheria.io.vn\/?page_id=314"},"modified":"2026-04-20T20:17:42","modified_gmt":"2026-04-20T13:17:42","slug":"huong-dan-chon-size","status":"publish","type":"page","link":"https:\/\/aetheria.io.vn\/?page_id=314","title":{"rendered":"H\u01b0\u1edbng d\u1eabn ch\u1ecdn size"},"content":{"rendered":"<h2><span id=\"Bang_size_nhan_nu\"><b>B\u1ea3ng size nh\u1eabn n\u1eef<\/b><\/span><\/h2>\n<p>\u0110o size nh\u1eabn l\u00e0 c\u00e1ch th\u1ee9c \u0111\u1ec3 b\u1ea1n x\u00e1c \u0111\u1ecbnh k\u00edch th\u01b0\u1edbc c\u1ee7a v\u00f2ng nh\u1eabn t\u1eeb \u0111\u00f3 t\u00ecm \u0111\u01b0\u1ee3c size ph\u00f9 h\u1ee3p, tr\u00e1nh t\u00ecnh tr\u1ea1ng mua ph\u1ea3i nh\u1eabn qu\u00e1 r\u1ed9ng hay qu\u00e1 ch\u1eadt. M\u1ed9t chi\u1ebfc nh\u1eabn v\u1eeba ph\u1ea3i s\u1ebd mang \u0111\u1ebfn s\u1ef1 tho\u1ea3i m\u00e1i v\u00e0 thu\u1eadn ti\u1ec7n cho ng\u01b0\u1eddi d\u00f9ng.<\/p>\n<p>B\u1ea1n c\u00f3 th\u1ec3 th\u1ef1c hi\u1ec7n vi\u1ec7c \u0111o size nh\u1eabn t\u1ea1i nh\u00e0 v\u1edbi c\u00e1c\u00a0<a href=\"https:\/\/shopee.vn\/blog\/dung-cu-tap-the-duc-tai-nha-don-gian\/\">d\u1ee5ng c\u1ee5<\/a>\u00a0\u0111\u01a1n gi\u1ea3n ho\u1eb7c s\u1eed d\u1ee5ng d\u1ee5ng c\u1ee5 chuy\u00ean d\u1ee5ng t\u1ea1i c\u00e1c c\u1eeda h\u00e0ng\u00a0<a href=\"https:\/\/shopee.vn\/blog\/trang-suc-phong-thuy-cho-nguoi-menh-kim\/\">trang s\u1ee9c<\/a>\u00a0\u0111\u1ec3 c\u00f3 \u0111\u01b0\u1ee3c size nh\u1eabn ch\u00ednh x\u00e1c. Ngo\u00e0i ra, tr\u00ean th\u1ef1c t\u1ebf, size nh\u1eabn c\u0169ng quy\u1ebft \u0111\u1ecbnh \u0111\u1ebfn m\u1ed9t ph\u1ea7n gi\u00e1 c\u1ea3 c\u1ee7a s\u1ea3n ph\u1ea9m, v\u00ec v\u1eady n\u1ebfu b\u1ea1n ch\u1ecdn \u0111\u00fang size nh\u1eabn s\u1ebd v\u1eeba ti\u1ebft ki\u1ec7m \u0111\u01b0\u1ee3c th\u1eddi gian ch\u1ec9nh s\u1eeda v\u1eeba ti\u1ebft ki\u1ec7m \u0111\u01b0\u1ee3c t\u00e0i ch\u00ednh. C\u00f9ng Shopee tham kh\u1ea3o\u00a0<b>b\u1ea3ng size nh\u1eabn n\u1eef<\/b>\u00a0d\u01b0\u1edbi \u0111\u00e2y:<\/p>\n<figure id=\"attachment_55280\" class=\"wp-caption aligncenter\" aria-describedby=\"caption-attachment-55280\"><img fetchpriority=\"high\" decoding=\"async\" class=\"size-full wp-image-55280\" src=\"https:\/\/storage.googleapis.com\/ops-shopee-files-live\/live\/shopee-blog\/2022\/01\/02a611f7-cach-do-size-nhan-nu-1.jpg\" sizes=\"(max-width: 827px) 100vw, 827px\" srcset=\"https:\/\/storage.googleapis.com\/ops-shopee-files-live\/live\/shopee-blog\/2022\/01\/02a611f7-cach-do-size-nhan-nu-1.jpg 827w, https:\/\/storage.googleapis.com\/ops-shopee-files-live\/live\/shopee-blog\/2022\/01\/02a611f7-cach-do-size-nhan-nu-1-300x223.jpg 300w, https:\/\/storage.googleapis.com\/ops-shopee-files-live\/live\/shopee-blog\/2022\/01\/02a611f7-cach-do-size-nhan-nu-1-768x571.jpg 768w, https:\/\/storage.googleapis.com\/ops-shopee-files-live\/live\/shopee-blog\/2022\/01\/02a611f7-cach-do-size-nhan-nu-1-696x518.jpg 696w, https:\/\/storage.googleapis.com\/ops-shopee-files-live\/live\/shopee-blog\/2022\/01\/02a611f7-cach-do-size-nhan-nu-1-565x420.jpg 565w, https:\/\/storage.googleapis.com\/ops-shopee-files-live\/live\/shopee-blog\/2022\/01\/02a611f7-cach-do-size-nhan-nu-1-80x60.jpg 80w, https:\/\/storage.googleapis.com\/ops-shopee-files-live\/live\/shopee-blog\/2022\/01\/02a611f7-cach-do-size-nhan-nu-1-265x198.jpg 265w\" alt=\"c\u00e1ch \u0111o size nh\u1eabn n\u1eef\" width=\"827\" height=\"615\" data-pin-no-hover=\"true\" \/><figcaption id=\"caption-attachment-55280\" class=\"wp-caption-text\">B\u1ea3ng th\u00f4ng s\u1ed1 size nh\u1eabn n\u1eef (\u1ea3nh: Pnj.com.vn)<\/figcaption><\/figure>\n<h2><span id=\"Cach_chon_nhan_nu_theo_size_-_Cach_do_size_nhan_nu\"><b>C\u00e1ch ch\u1ecdn nh\u1eabn n\u1eef theo size \u2013 C\u00e1ch \u0111o size nh\u1eabn n\u1eef<\/b><\/span><\/h2>\n<h3><span id=\"Cach_chon_size_nhan_cho_nu_theo_duong_kinh_nhan\"><b><i>C\u00e1ch ch\u1ecdn size nh\u1eabn cho n\u1eef theo \u0111\u01b0\u1eddng k\u00ednh nh\u1eabn<\/i><\/b><\/span><\/h3>\n<p><b>C\u00e1ch \u0111o size nh\u1eabn n\u1eef<\/b>\u00a0theo \u0111\u01b0\u1eddng k\u00ednh c\u1ea7n c\u00f3 s\u1eb5n m\u1ed9t chi\u1ebfc nh\u1eabn v\u00e0 m\u1ed9t c\u00e2y th\u01b0\u1edbc \u0111o. Sau khi \u0111\u00e3 chu\u1ea9n b\u1ecb \u0111\u1ea7y \u0111\u1ee7 hai d\u1ee5ng c\u1ee5 n\u00e0y, b\u1ea1n ch\u1ec9 c\u1ea7n d\u00f9ng th\u01b0\u1edbc \u0111o \u0111\u01b0\u1eddng k\u00ednh v\u00f2ng trong c\u1ee7a chi\u1ebfc nh\u1eabn v\u00e0 ghi l\u1ea1i s\u1ed1 li\u1ec7u. Cu\u1ed1i c\u00f9ng, b\u1ea1n \u0111\u1ed1i chi\u1ebfu s\u1ed1 li\u1ec7u n\u00e0y v\u1edbi b\u1ea3ng size nh\u1eabn \u1edf ph\u00eda tr\u00ean \u0111\u1ec3 l\u1ea5y \u0111\u01b0\u1ee3c size nh\u1eabn c\u1ee7a m\u00ecnh.<\/p>\n<p>\u01afu \u0111i\u1ec3m c\u1ee7a c\u00e1ch ch\u1ecdn size nh\u1eabn n\u00e0y l\u00e0 t\u01b0\u01a1ng \u0111\u1ed1i \u0111\u01a1n gi\u1ea3n v\u00e0 nhanh. Tuy nhi\u00ean, n\u1ebfu b\u1ea1n ch\u01b0a t\u1eebng \u0111eo nh\u1eabn tr\u01b0\u1edbc \u0111\u00f3 ho\u1eb7c nh\u1eabn b\u1ea1n c\u00f3 kh\u00f4ng v\u1eeba v\u1edbi ng\u00f3n b\u1ea1n mu\u1ed1n \u0111eo th\u00ec s\u1ebd kh\u00f4ng th\u1ef1c hi\u1ec7n theo ph\u01b0\u01a1ng ph\u00e1p n\u00e0y \u0111\u01b0\u1ee3c.<\/p>\n<figure id=\"attachment_55281\" class=\"wp-caption aligncenter\" aria-describedby=\"caption-attachment-55281\"><img decoding=\"async\" class=\"size-full wp-image-55281\" src=\"https:\/\/storage.googleapis.com\/ops-shopee-files-live\/live\/shopee-blog\/2022\/01\/fac463ac-cach-do-size-nhan-nu-2.jpg\" sizes=\"(max-width: 1000px) 100vw, 1000px\" srcset=\"https:\/\/storage.googleapis.com\/ops-shopee-files-live\/live\/shopee-blog\/2022\/01\/fac463ac-cach-do-size-nhan-nu-2.jpg 1000w, https:\/\/storage.googleapis.com\/ops-shopee-files-live\/live\/shopee-blog\/2022\/01\/fac463ac-cach-do-size-nhan-nu-2-300x214.jpg 300w, https:\/\/storage.googleapis.com\/ops-shopee-files-live\/live\/shopee-blog\/2022\/01\/fac463ac-cach-do-size-nhan-nu-2-768x548.jpg 768w, https:\/\/storage.googleapis.com\/ops-shopee-files-live\/live\/shopee-blog\/2022\/01\/fac463ac-cach-do-size-nhan-nu-2-696x497.jpg 696w, https:\/\/storage.googleapis.com\/ops-shopee-files-live\/live\/shopee-blog\/2022\/01\/fac463ac-cach-do-size-nhan-nu-2-588x420.jpg 588w, https:\/\/storage.googleapis.com\/ops-shopee-files-live\/live\/shopee-blog\/2022\/01\/fac463ac-cach-do-size-nhan-nu-2-100x70.jpg 100w\" alt=\"Size nh\u1eabn chu\u1ea9n c\u1ee7a n\u1eef theo c\u00e1ch \u0111o \u0111\u01b0\u1eddng k\u00ednh nh\u1eabn. \" width=\"1000\" height=\"714\" data-pin-no-hover=\"true\" \/><figcaption id=\"caption-attachment-55281\" class=\"wp-caption-text\">Size nh\u1eabn chu\u1ea9n c\u1ee7a n\u1eef theo c\u00e1ch \u0111o \u0111\u01b0\u1eddng k\u00ednh nh\u1eabn. (\u1ea3nh: Jemmia.vn)<\/figcaption><\/figure>\n<h3><span id=\"Cach_chon_size_nhan_chuan_cua_nu_theo_chu_vi_ngon_tay_deo_nhan\"><b><i>C\u00e1ch ch\u1ecdn size nh\u1eabn chu\u1ea9n c\u1ee7a n\u1eef theo chu vi ng\u00f3n tay \u0111eo nh\u1eabn<\/i><\/b><\/span><\/h3>\n<p>C\u00e1ch ch\u1ecdn size nh\u1eabn theo chu vi ng\u00f3n tay n\u00e0y \u0111\u01b0\u1ee3c \u0111a s\u1ed1 m\u1ecdi ng\u01b0\u1eddi s\u1eed d\u1ee5ng v\u00ec c\u00f3 th\u1ec3 n\u1eafm \u0111\u01b0\u1ee3c th\u00f4ng s\u1ed1 g\u1ea7n nh\u01b0 ch\u00ednh\u00a0 x\u00e1c c\u1ee7a size ng\u00f3n tay. B\u1ea1n th\u1ef1c hi\u1ec7n theo c\u00e1c b\u01b0\u1edbc d\u01b0\u1edbi \u0111\u00e2y:<\/p>\n<ul>\n<li aria-level=\"1\">B\u01b0\u1edbc 1: B\u1ea1n c\u1ea7n chu\u1ea9n b\u1ecb 1 c\u00e2y th\u01b0\u1edbc, 1 c\u00e2y b\u00fat, 1 c\u00e2y k\u00e9o v\u00e0 1 t\u1edd gi\u1ea5y.<\/li>\n<li aria-level=\"1\">B\u01b0\u1edbc 2: B\u1ea1n c\u1eaft gi\u1ea5y ra th\u00e0nh m\u1ed9t h\u00ecnh ch\u1eef nh\u1eadt v\u1edbi chi\u1ec1u d\u00e0i kho\u1ea3ng 10cm v\u00e0 chi\u1ec1u r\u1ed9ng 1 cm.<\/li>\n<li aria-level=\"1\">B\u01b0\u1edbc 3: B\u1ea1n s\u1eed d\u1ee5ng m\u1ea3nh gi\u1ea5y v\u1eeba c\u1eaft \u0111\u1ec3 qu\u1ea5n quanh ng\u00f3n tay mu\u1ed1n \u0111o. L\u01b0u \u00fd kh\u00f4ng n\u00ean qu\u1ea5n qu\u00e1 ch\u1eb7t hay qu\u00e1 l\u1ecfng \u0111\u1ec3 vi\u1ec7c l\u1ea5y size ch\u00ednh x\u00e1c v\u00e0 tho\u1ea3i m\u00e1i h\u01a1n khi \u0111eo nh\u1eabn.<\/li>\n<li aria-level=\"1\">B\u01b0\u1edbc 4: B\u1ea1n d\u00f9ng b\u00fat \u0111\u00e1nh d\u1ea5u \u0111i\u1ec3m giao nhau.<\/li>\n<li aria-level=\"1\">B\u01b0\u1edbc 5: Sau khi th\u00e1o m\u1ea3nh gi\u1ea5y, b\u1ea1n d\u00f9ng th\u01b0\u1edbc \u0111o chi\u1ec1u d\u00e0i \u0111o\u1ea1n d\u00e2y t\u1eeb \u0111i\u1ec3m \u0111\u1ea7u \u0111\u1ebfn ph\u1ea7n \u0111\u00e1nh d\u1ea5u. Ti\u1ebfp theo, b\u1ea1n l\u1ea5y s\u1ed1 \u0111o chia cho 3.14 \u0111\u1ec3 c\u00f3 \u0111\u01b0\u1ee3c k\u1ebft qu\u1ea3 cu\u1ed1i c\u00f9ng.<\/li>\n<li aria-level=\"1\">B\u01b0\u1edbc 6: \u0110\u1ed1i chi\u1ebfu k\u1ebft qu\u1ea3 v\u1edbi b\u1ea3ng size nh\u1eabn \u0111\u1ec3 t\u00ecm \u0111\u01b0\u1ee3c size nh\u1eabn ph\u00f9 h\u1ee3p.<\/li>\n<\/ul>\n<figure id=\"attachment_55282\" class=\"wp-caption aligncenter\" aria-describedby=\"caption-attachment-55282\"><img decoding=\"async\" class=\"size-full wp-image-55282\" src=\"https:\/\/storage.googleapis.com\/ops-shopee-files-live\/live\/shopee-blog\/2022\/01\/096f115d-cach-do-size-nhan-nu-3-scaled.jpg\" sizes=\"(max-width: 1200px) 100vw, 1200px\" srcset=\"https:\/\/storage.googleapis.com\/ops-shopee-files-live\/live\/shopee-blog\/2022\/01\/096f115d-cach-do-size-nhan-nu-3-scaled.jpg 1200w, https:\/\/storage.googleapis.com\/ops-shopee-files-live\/live\/shopee-blog\/2022\/01\/096f115d-cach-do-size-nhan-nu-3-300x300.jpg 300w, https:\/\/storage.googleapis.com\/ops-shopee-files-live\/live\/shopee-blog\/2022\/01\/096f115d-cach-do-size-nhan-nu-3-1024x1024.jpg 1024w, https:\/\/storage.googleapis.com\/ops-shopee-files-live\/live\/shopee-blog\/2022\/01\/096f115d-cach-do-size-nhan-nu-3-150x150.jpg 150w, https:\/\/storage.googleapis.com\/ops-shopee-files-live\/live\/shopee-blog\/2022\/01\/096f115d-cach-do-size-nhan-nu-3-768x768.jpg 768w, https:\/\/storage.googleapis.com\/ops-shopee-files-live\/live\/shopee-blog\/2022\/01\/096f115d-cach-do-size-nhan-nu-3-696x696.jpg 696w, https:\/\/storage.googleapis.com\/ops-shopee-files-live\/live\/shopee-blog\/2022\/01\/096f115d-cach-do-size-nhan-nu-3-1068x1068.jpg 1068w, https:\/\/storage.googleapis.com\/ops-shopee-files-live\/live\/shopee-blog\/2022\/01\/096f115d-cach-do-size-nhan-nu-3-420x420.jpg 420w\" alt=\"Ch\u1ecdn size nh\u1eabn n\u1eef theo chu vi ng\u00f3n tay\" width=\"1200\" height=\"1200\" data-pin-no-hover=\"true\" \/><figcaption id=\"caption-attachment-55282\" class=\"wp-caption-text\">Ch\u1ecdn size nh\u1eabn n\u1eef theo chu vi ng\u00f3n tay (\u1ea3nh: Jemmia.vn)<\/figcaption><\/figure>\n<h3><span id=\"Cach_chon_size_nhan_cho_nu_theo_chieu_cao_va_can_nang\"><b><i>C\u00e1ch ch\u1ecdn size nh\u1eabn cho n\u1eef theo chi\u1ec1u cao v\u00e0 c\u00e2n n\u1eb7ng<\/i><\/b><\/span><\/h3>\n<p>C\u00e1ch ch\u1ecdn size\u00a0<a href=\"https:\/\/shopee.vn\/search?keyword=nh%E1%BA%ABn%20n%E1%BB%AF\">nh\u1eabn n\u1eef<\/a>\u00a0theo chi\u1ec1u cao v\u00e0 c\u00e2n n\u1eb7ng ch\u1ec9 mang l\u1ea1i s\u1ef1 t\u01b0\u01a1ng \u0111\u1ed1i, tuy nhi\u00ean \u0111\u00e2y c\u0169ng l\u00e0 m\u1ed9t ph\u01b0\u01a1ng ph\u00e1p b\u1ea1n c\u00f3 th\u1ec3 s\u1eed d\u1ee5ng khi kh\u00f4ng c\u00f3 d\u1ee5ng c\u1ee5 v\u00e0 nh\u1edb r\u00f5 c\u00e1c ch\u1ec9 s\u1ed1 c\u1ee7a m\u00ecnh. B\u1ea1n quy \u0111\u1ed5i size nh\u1eabn t\u01b0\u01a1ng \u1ee9ng v\u1edbi ng\u00f3n \u00e1p \u00fat, ng\u00f3n gi\u1eefa v\u00e0 ng\u00f3n tr\u1ecf nh\u01b0 sau:<\/p>\n<table>\n<tbody>\n<tr>\n<td>Chi\u1ec1u cao<\/td>\n<td>C\u00e2n n\u1eb7ng<\/td>\n<td>Size ng\u00f3n \u00e1p \u00fat<\/td>\n<td>Size ng\u00f3n gi\u1eefa<\/td>\n<td>Size ng\u00f3n tr\u1ecf<\/td>\n<\/tr>\n<tr>\n<td>150cm<\/td>\n<td>40kg<\/td>\n<td>7<\/td>\n<td>9<\/td>\n<td>10<\/td>\n<\/tr>\n<tr>\n<td>150cm<\/td>\n<td>45kg<\/td>\n<td>8<\/td>\n<td>10<\/td>\n<td>11<\/td>\n<\/tr>\n<tr>\n<td>155cm<\/td>\n<td>45kg<\/td>\n<td>9<\/td>\n<td>11<\/td>\n<td>12<\/td>\n<\/tr>\n<tr>\n<td>160cm<\/td>\n<td>50kg<\/td>\n<td>11<\/td>\n<td>13<\/td>\n<td>14<\/td>\n<\/tr>\n<tr>\n<td>165cm<\/td>\n<td>60kg<\/td>\n<td>13<\/td>\n<td>15<\/td>\n<td>17<\/td>\n<\/tr>\n<tr>\n<td>170cm<\/td>\n<td>65kg<\/td>\n<td>14<\/td>\n<td>16<\/td>\n<td>17<\/td>\n<\/tr>\n<\/tbody>\n<\/table>\n<h3><span id=\"Su_dung_cong_cu_de_chon_nhan_nu_theo_size\"><b><i>S\u1eed d\u1ee5ng c\u00f4ng c\u1ee5 \u0111\u1ec3 ch\u1ecdn nh\u1eabn n\u1eef theo size<\/i><\/b><\/span><\/h3>\n<p>N\u1ebfu 3 ph\u01b0\u01a1ng ph\u00e1p tr\u00ean ch\u1ec9 mang t\u00ednh ch\u1ea5t t\u01b0\u01a1ng \u0111\u1ed1i th\u00ec ph\u01b0\u01a1ng ph\u00e1p s\u1eed d\u1ee5ng d\u1ee5ng c\u1ee5 s\u1ebd mang \u0111\u1ebfn cho b\u1ea1n k\u1ebft qu\u1ea3 chu\u1ea9n x\u00e1c nh\u1ea5t. Tr\u00ean th\u1ecb tr\u01b0\u1eddng hi\u1ec7n nay \u0111\u00e3 b\u00e1n\u00a0<a href=\"https:\/\/shopee.vn\/search?keyword=d%E1%BB%A5ng%20c%E1%BB%A5%20%C4%91o%20size%20nh%E1%BA%ABn\">d\u1ee5ng c\u1ee5 \u0111o size nh\u1eabn<\/a>\u00a0v\u1edbi m\u1ee9c gi\u00e1 c\u1ea3 v\u00f4 c\u00f9ng h\u1ee3p l\u00fd. D\u1ee5ng c\u1ee5 n\u00e0y bao g\u1ed3m m\u1ed9t c\u00e2y s\u1eaft d\u00e0i m\u00ecnh tr\u00f2n, b\u00ean tr\u00ean c\u00f3 k\u00edch th\u01b0\u1edbc v\u00e0 k\u00e8m theo \u0111\u00f3 l\u00e0 c\u00e1c v\u00f2ng nh\u1ef1a. Khi b\u1ea1n mu\u1ed1n \u0111o size nh\u1eabn, ch\u1ec9 c\u1ea7n ch\u1ecdn \u0111\u01b0\u1ee3c chi\u1ebfc v\u00f2ng v\u1eeba v\u1edbi ng\u00f3n tay \u0111eo nh\u1eabn, sau \u0111\u00f3 cho chi\u1ebfc v\u00f2ng n\u00e0y v\u00e0o th\u01b0\u1edbc \u0111\u1ec3 c\u00f3 \u0111\u01b0\u1ee3c size nh\u1eabn.<\/p>\n<p>Tuy nhi\u00ean, n\u1ebfu b\u1ea1n mu\u1ed1n ti\u1ebft ki\u1ec7m th\u00ec h\u00e3y \u0111o size nh\u1eabn b\u1eb1ng d\u1ee5ng c\u1ee5 n\u00e0y t\u1ea1i c\u00e1c c\u1eeda h\u00e0ng trang s\u1ee9c v\u1edbi \u0111i\u1ec1u ki\u1ec7n kh\u00f4ng ng\u1ea1i khi m\u01b0\u1ee3n nh\u00e9.<\/p>\n<figure id=\"attachment_55283\" class=\"wp-caption aligncenter\" aria-describedby=\"caption-attachment-55283\"><img loading=\"lazy\" decoding=\"async\" class=\"size-full wp-image-55283\" src=\"https:\/\/storage.googleapis.com\/ops-shopee-files-live\/live\/shopee-blog\/2022\/01\/96152bba-cach-do-size-nhan-nu-4.jpg\" sizes=\"(max-width: 800px) 100vw, 800px\" srcset=\"https:\/\/storage.googleapis.com\/ops-shopee-files-live\/live\/shopee-blog\/2022\/01\/96152bba-cach-do-size-nhan-nu-4.jpg 800w, https:\/\/storage.googleapis.com\/ops-shopee-files-live\/live\/shopee-blog\/2022\/01\/96152bba-cach-do-size-nhan-nu-4-300x300.jpg 300w, https:\/\/storage.googleapis.com\/ops-shopee-files-live\/live\/shopee-blog\/2022\/01\/96152bba-cach-do-size-nhan-nu-4-150x150.jpg 150w, https:\/\/storage.googleapis.com\/ops-shopee-files-live\/live\/shopee-blog\/2022\/01\/96152bba-cach-do-size-nhan-nu-4-768x768.jpg 768w, https:\/\/storage.googleapis.com\/ops-shopee-files-live\/live\/shopee-blog\/2022\/01\/96152bba-cach-do-size-nhan-nu-4-696x696.jpg 696w, https:\/\/storage.googleapis.com\/ops-shopee-files-live\/live\/shopee-blog\/2022\/01\/96152bba-cach-do-size-nhan-nu-4-420x420.jpg 420w\" alt=\"c\u00e1ch \u0111o size nh\u1eabn n\u1eef\" width=\"800\" height=\"800\" data-pin-no-hover=\"true\" \/><figcaption id=\"caption-attachment-55283\" class=\"wp-caption-text\">C\u00f4ng c\u1ee5 \u0111o size nh\u1eabn(\u1ea3nh: Shopee.vn)<\/figcaption><\/figure>\n<h2><span id=\"Luu_y_khac_khi_chon_nhan_nu\"><b>L\u01b0u \u00fd kh\u00e1c khi ch\u1ecdn nh\u1eabn n\u1eef<\/b><b>\u00a0<\/b><\/span><\/h2>\n<h3><span id=\"Chon_nhan_cho_co_nang_ban_tay_bup_mang\"><b><i>Ch\u1ecdn nh\u1eabn cho c\u00f4 n\u00e0ng b\u00e0n tay b\u00fap m\u0103ng<\/i><\/b><\/span><\/h3>\n<p>B\u00e0n tay b\u00fap m\u0103ng l\u00e0 b\u00e0n tay m\u00e0 c\u00e1c n\u00e0ng lu\u00f4n ao \u01b0\u1edbc v\u1edbi c\u00e1c ng\u00f3n tay d\u00e0i \u0111\u1ec1u nhau, thon th\u1ea3 v\u00e0 nu\u1ed9t n\u00e0. V\u1edbi b\u00e0n tay n\u00e0y th\u00ec c\u00f3 th\u1ec3 \u201cc\u00e2n\u201d m\u1ecdi ki\u1ec3u d\u00e1ng c\u1ee7a nh\u1eabn t\u1eeb\u00a0<a href=\"https:\/\/shopee.vn\/search?keyword=nh%E1%BA%ABn%20tr%C6%A1n\">nh\u1eabn tr\u01a1n<\/a>\u00a0hay c\u00e1c m\u1eabu nh\u1eabn thi\u1ebft k\u1ebf c\u1ea7u k\u1ef3.<\/p>\n<h3><span id=\"Chon_nhan_cho_co_nang_ban_tay_nho_om_va_ngon_tay_dai\"><b><i>Ch\u1ecdn nh\u1eabn cho c\u00f4 n\u00e0ng b\u00e0n tay nh\u1ecf, \u1ed1m v\u00e0 ng\u00f3n tay d\u00e0i<\/i><\/b><\/span><\/h3>\n<p>C\u00f4 n\u00e0ng s\u1edf h\u1eefu b\u00e0n tay nh\u1ecf, \u1ed1m c\u00f9ng v\u1edbi ng\u00f3n tay d\u00e0i th\u01b0\u1eddng c\u00f3 l\u00f2ng b\u00e0n tay h\u00ecnh ch\u1eef nh\u1eadt. V\u1edbi \u0111\u00f4i b\u00e0n tay n\u00e0y, b\u1ea1n n\u00ean ch\u1ecdn nh\u1eabn c\u00f3 h\u00ecnh kh\u1ed1i, thi\u1ebft k\u1ebf vu\u00f4ng hay tr\u00f2n \u0111\u1ec3 b\u00e0n tay vu\u00f4ng v\u1eafn v\u00e0 m\u0169m m\u0129m h\u01a1n.<\/p>\n<figure id=\"attachment_55279\" class=\"wp-caption aligncenter\" aria-describedby=\"caption-attachment-55279\"><img loading=\"lazy\" decoding=\"async\" class=\"size-full wp-image-55279\" src=\"https:\/\/storage.googleapis.com\/ops-shopee-files-live\/live\/shopee-blog\/2022\/01\/0fc7c74b-cach-do-size-nhan-nu-5-1.jpg\" sizes=\"(max-width: 800px) 100vw, 800px\" srcset=\"https:\/\/storage.googleapis.com\/ops-shopee-files-live\/live\/shopee-blog\/2022\/01\/0fc7c74b-cach-do-size-nhan-nu-5-1.jpg 800w, https:\/\/storage.googleapis.com\/ops-shopee-files-live\/live\/shopee-blog\/2022\/01\/0fc7c74b-cach-do-size-nhan-nu-5-1-300x197.jpg 300w, https:\/\/storage.googleapis.com\/ops-shopee-files-live\/live\/shopee-blog\/2022\/01\/0fc7c74b-cach-do-size-nhan-nu-5-1-768x505.jpg 768w, https:\/\/storage.googleapis.com\/ops-shopee-files-live\/live\/shopee-blog\/2022\/01\/0fc7c74b-cach-do-size-nhan-nu-5-1-696x458.jpg 696w, https:\/\/storage.googleapis.com\/ops-shopee-files-live\/live\/shopee-blog\/2022\/01\/0fc7c74b-cach-do-size-nhan-nu-5-1-639x420.jpg 639w, https:\/\/storage.googleapis.com\/ops-shopee-files-live\/live\/shopee-blog\/2022\/01\/0fc7c74b-cach-do-size-nhan-nu-5-1-741x486.jpg 741w\" alt=\"L\u1ef1a ch\u1ecdn nh\u1eabn n\u1eef theo h\u00ecnh d\u00e1ng b\u00e0n tay \" width=\"800\" height=\"526\" data-pin-no-hover=\"true\" \/><figcaption id=\"caption-attachment-55279\" class=\"wp-caption-text\">L\u1ef1a ch\u1ecdn nh\u1eabn n\u1eef theo h\u00ecnh d\u00e1ng b\u00e0n tay (\u1ea3nh: Shopee.vn)<\/figcaption><\/figure>\n<h3><span id=\"Chon_nhan_cho_co_nang_ban_tay_to_va_ngon_tay_ngan\"><b><i>Ch\u1ecdn nh\u1eabn cho c\u00f4 n\u00e0ng b\u00e0n tay to v\u00e0 ng\u00f3n tay ng\u1eafn<\/i><\/b><\/span><\/h3>\n<p>Nh\u1eefng chi\u1ebfc nh\u1eabn c\u00f3 m\u1eb7t h\u00ecnh vu\u00f4ng, h\u00ecnh ch\u1eef nh\u1eadt hay h\u00ecnh thoi s\u1ebd l\u00e0 l\u1ef1a ch\u1ecdn ho\u00e0n h\u1ea3o cho c\u00e1c qu\u00fd c\u00f4 c\u00f3 b\u00e0n tay to v\u00e0 ng\u00f3n ng\u1eafn. \u0110i\u1ec1u n\u00e0y s\u1ebd t\u1ea1o c\u1ea3m gi\u00e1c ng\u00f3n tay d\u00e0i v\u00e0 thon th\u1ea3 h\u01a1n.<\/p>\n<h3><span id=\"Chon_nhan_cho_co_nang_ban_tay_to_ngon_tay_tho_va_khong_deu\"><b><i>Ch\u1ecdn nh\u1eabn cho c\u00f4 n\u00e0ng b\u00e0n tay to, ng\u00f3n tay th\u00f4 v\u00e0 kh\u00f4ng \u0111\u1ec1u<\/i><\/b><\/span><\/h3>\n<p>B\u1ea1n n\u00ean \u01b0u ti\u00ean ch\u1ecdn nh\u1eefng chi\u1ebfc nh\u1eabn c\u00f3 \u0111\u1ed9 d\u00e0y c\u0169ng nh\u01b0 k\u00edch th\u01b0\u1edbc m\u1eb7t nh\u1eabn v\u1eeba ph\u1ea3i \u0111\u1ec3 che \u0111i khuy\u1ebft \u0111i\u1ec3m c\u1ee7a b\u00e0n tay. B\u00ean c\u1ea1nh \u0111\u00f3, nh\u1eabn c\u00f3 m\u1eb7t h\u00ecnh thoi hay h\u00ecnh oval s\u1ebd l\u00e0 g\u1ee3i \u00fd hay ho \u0111\u1ec3 b\u00e0n tay c\u1ee7a b\u1ea1n th\u00eam ph\u1ea7n xinh x\u1eafn.<\/p>\n<p>V\u1eady l\u00e0\u00a0<a href=\"https:\/\/shopee.vn\/\">Shopee Vietnam<\/a>\u00a0\u0111\u00e3 c\u00f9ng b\u1ea1n t\u00ecm hi\u1ec3u<b>\u00a0c\u00e1ch \u0111o size nh\u1eabn n\u1eef<\/b>\u00a0v\u00e0 kh\u00e1m ph\u00e1 c\u00e1ch ch\u1ecdn nh\u1eabn theo h\u00ecnh d\u00e1ng c\u1ee7a b\u00e0n tay. Hy v\u1ecdng r\u1eb1ng b\u00e0i vi\u1ebft \u0111\u00e3 mang \u0111\u1ebfn cho b\u1ea1n nh\u1eefng th\u00f4ng tin h\u1eefu \u00edch \u0111\u1ec3 vi\u1ec7c ch\u1ecdn size hay ki\u1ec3u d\u00e1ng c\u1ee7a nh\u1eabn tr\u1edf n\u00ean d\u1ec5 d\u00e0ng h\u01a1n. Gh\u00e9 Shopee ngay \u0111\u1ec3 mua \u0111\u01b0\u1ee3c s\u1ea3n ph\u1ea9m trang s\u1ee9c h\u1ee3p\u00a0th\u1eddi trang\u00a0v\u00e0 ch\u1ea5t l\u01b0\u1ee3ng v\u1edbi gi\u00e1 t\u1ed1t t\u1ea1i c\u00e1c c\u1eeda h\u00e0ng ch\u00ednh h\u00e3ng nh\u00e9.<\/p>\n","protected":false},"excerpt":{"rendered":"<p>B\u1ea3ng size nh\u1eabn n\u1eef \u0110o size nh\u1eabn l\u00e0 c\u00e1ch th\u1ee9c \u0111\u1ec3 b\u1ea1n x\u00e1c \u0111\u1ecbnh k\u00edch th\u01b0\u1edbc c\u1ee7a v\u00f2ng nh\u1eabn t\u1eeb [&hellip;]<\/p>\n","protected":false},"author":1,"featured_media":0,"parent":0,"menu_order":0,"comment_status":"closed","ping_status":"closed","template":"","meta":{"site-sidebar-layout":"default","site-content-layout":"","ast-site-content-layout":"default","site-content-style":"default","site-sidebar-style":"default","ast-global-header-display":"","ast-banner-title-visibility":"","ast-main-header-display":"","ast-hfb-above-header-display":"","ast-hfb-below-header-display":"","ast-hfb-mobile-header-display":"","site-post-title":"","ast-breadcrumbs-content":"","ast-featured-img":"","footer-sml-layout":"","ast-disable-related-posts":"","theme-transparent-header-meta":"disabled","adv-header-id-meta":"","stick-header-meta":"","header-above-stick-meta":"","header-main-stick-meta":"","header-below-stick-meta":"","astra-migrate-meta-layouts":"set","ast-page-background-enabled":"default","ast-page-background-meta":{"desktop":{"background-color":"var(--ast-global-color-5)","background-image":"","background-repeat":"repeat","background-position":"center center","background-size":"auto","background-attachment":"scroll","background-type":"","background-media":"","overlay-type":"","overlay-color":"","overlay-opacity":"","overlay-gradient":""},"tablet":{"background-color":"","background-image":"","background-repeat":"repeat","background-position":"center center","background-size":"auto","background-attachment":"scroll","background-type":"","background-media":"","overlay-type":"","overlay-color":"","overlay-opacity":"","overlay-gradient":""},"mobile":{"background-color":"","background-image":"","background-repeat":"repeat","background-position":"center center","background-size":"auto","background-attachment":"scroll","background-type":"","background-media":"","overlay-type":"","overlay-color":"","overlay-opacity":"","overlay-gradient":""}},"ast-content-background-meta":{"desktop":{"background-color":"var(--ast-global-color-4)","background-image":"","background-repeat":"repeat","background-position":"center center","background-size":"auto","background-attachment":"scroll","background-type":"","background-media":"","overlay-type":"","overlay-color":"","overlay-opacity":"","overlay-gradient":""},"tablet":{"background-color":"var(--ast-global-color-4)","background-image":"","background-repeat":"repeat","background-position":"center center","background-size":"auto","background-attachment":"scroll","background-type":"","background-media":"","overlay-type":"","overlay-color":"","overlay-opacity":"","overlay-gradient":""},"mobile":{"background-color":"var(--ast-global-color-4)","background-image":"","background-repeat":"repeat","background-position":"center center","background-size":"auto","background-attachment":"scroll","background-type":"","background-media":"","overlay-type":"","overlay-color":"","overlay-opacity":"","overlay-gradient":""}},"_joinchat":[],"footnotes":""},"class_list":["post-314","page","type-page","status-publish","hentry"],"_links":{"self":[{"href":"https:\/\/aetheria.io.vn\/index.php?rest_route=\/wp\/v2\/pages\/314","targetHints":{"allow":["GET"]}}],"collection":[{"href":"https:\/\/aetheria.io.vn\/index.php?rest_route=\/wp\/v2\/pages"}],"about":[{"href":"https:\/\/aetheria.io.vn\/index.php?rest_route=\/wp\/v2\/types\/page"}],"author":[{"embeddable":true,"href":"https:\/\/aetheria.io.vn\/index.php?rest_route=\/wp\/v2\/users\/1"}],"replies":[{"embeddable":true,"href":"https:\/\/aetheria.io.vn\/index.php?rest_route=%2Fwp%2Fv2%2Fcomments&post=314"}],"version-history":[{"count":1,"href":"https:\/\/aetheria.io.vn\/index.php?rest_route=\/wp\/v2\/pages\/314\/revisions"}],"predecessor-version":[{"id":315,"href":"https:\/\/aetheria.io.vn\/index.php?rest_route=\/wp\/v2\/pages\/314\/revisions\/315"}],"wp:attachment":[{"href":"https:\/\/aetheria.io.vn\/index.php?rest_route=%2Fwp%2Fv2%2Fmedia&parent=314"}],"curies":[{"name":"wp","href":"https:\/\/api.w.org\/{rel}","templated":true}]}}