{"id":316,"date":"2026-04-17T11:45:29","date_gmt":"2026-04-17T11:45:29","guid":{"rendered":"https:\/\/aetheria.io.vn\/?page_id=316"},"modified":"2026-04-20T20:17:16","modified_gmt":"2026-04-20T13:17:16","slug":"chinh-sach-giao-hang-kiem-hang","status":"publish","type":"page","link":"https:\/\/aetheria.io.vn\/?page_id=316","title":{"rendered":"Ch\u00ednh s\u00e1ch giao h\u00e0ng &#038; Ki\u1ec3m h\u00e0ng"},"content":{"rendered":"<div class=\"chat-item flx chat-item-audit chat-item-spacing --s1 \">\n<div class=\"chat-content flx flx-col flx-cell chat-content-audit\">\n<div id=\"bb_msg_id_1776426060331\" class=\"chat-message chat-message-v2 wrap-message rotate-container -send-time -reaction\" data-component=\"bubble-message\">\n<div class=\"message-wrapper\">\n<div class=\"message-content-wrapper\">\n<div class=\"message-content-render focused-background\">\n<div id=\"message-frame_1776426060331\" class=\" card shadow-bubble message-frame focused-item focused-item--has-border\" data-component=\"message-content-view\" data-qid=\"7735999868454@1776426060331_4478397828331765753_4478397828331765753\">\n<div class=\"\" data-id=\"div_DisabledTargetEventLayer\">\n<div class=\"message-action\">\n<div id=\"text-mCntr_7735999868454-1776426060331-4478397828331765753-4478397828331765753\" class=\"text-message__container\" data-id=\"div_ReceivedMsg_Text\">\n<div class=\"overflow-hidden\" data-component=\"message-text-content\">D\u01b0\u1edbi \u0111\u00e2y l\u00e0 b\u1ea3n th\u1ea3o chi ti\u1ebft cho trang Ch\u00ednh s\u00e1ch Giao h\u00e0ng &amp; Ki\u1ec3m h\u00e0ng \u0111\u01b0\u1ee3c thi\u1ebft k\u1ebf v\u1edbi v\u0103n phong chuy\u00ean nghi\u1ec7p, minh b\u1ea1ch v\u00e0 ph\u00f9 h\u1ee3p v\u1edbi t\u00ednh ch\u1ea5t c\u1ee7a m\u1ed9t th\u01b0\u01a1ng hi\u1ec7u trang s\u1ee9c nh\u01b0 Aetheria. B\u1ea1n c\u00f3 th\u1ec3 sao ch\u00e9p v\u00e0 \u0111i\u1ec1u ch\u1ec9nh l\u1ea1i c\u00e1c con s\u1ed1 trong ngo\u1eb7c vu\u00f4ng cho ph\u00f9 h\u1ee3p v\u1edbi k\u1ebf ho\u1ea1ch kinh doanh c\u1ee7a m\u00ecnh.<br \/>\nCH\u00cdNH S\u00c1CH GIAO H\u00c0NG &amp; KI\u1ec2M H\u00c0NG T\u1ea0I AETHERIA<br \/>\n1. Ch\u00ednh s\u00e1ch Giao h\u00e0ng<br \/>\n\u2022 Ph\u1ea1m vi giao h\u00e0ng: Aetheria h\u1ed7 tr\u1ee3 d\u1ecbch v\u1ee5 giao h\u00e0ng t\u1eadn n\u01a1i tr\u00ean to\u00e0n qu\u1ed1c.<br \/>\n\u2022 Th\u1eddi gian x\u1eed l\u00fd &amp; v\u1eadn chuy\u1ec3n:<br \/>\n\u2022 Khu v\u1ef1c n\u1ed9i th\u00e0nh: Giao h\u00e0ng trong v\u00f2ng 1 &#8211; 2 ng\u00e0y l\u00e0m vi\u1ec7c k\u1ec3 t\u1eeb khi x\u00e1c nh\u1eadn \u0111\u01a1n h\u00e0ng th\u00e0nh c\u00f4ng.<br \/>\n\u2022 Khu v\u1ef1c ngo\u1ea1i th\u00e0nh v\u00e0 c\u00e1c t\u1ec9nh\/th\u00e0nh kh\u00e1c: Th\u1eddi gian nh\u1eadn h\u00e0ng d\u1ef1 ki\u1ebfn t\u1eeb 3 &#8211; 5 ng\u00e0y l\u00e0m vi\u1ec7c.<br \/>\n\u2022 L\u01b0u \u00fd: Th\u1eddi gian giao h\u00e0ng c\u00f3 th\u1ec3 k\u00e9o d\u00e0i h\u01a1n d\u1ef1 ki\u1ebfn trong c\u00e1c d\u1ecbp L\u1ec5, T\u1ebft ho\u1eb7c do c\u00e1c y\u1ebfu t\u1ed1 kh\u00e1ch quan t\u00e1c \u0111\u1ed9ng \u0111\u1ebfn \u0111\u01a1n v\u1ecb v\u1eadn chuy\u1ec3n. Aetheria s\u1ebd ch\u1ee7 \u0111\u1ed9ng th\u00f4ng b\u00e1o n\u1ebfu c\u00f3 s\u1ef1 ch\u1eadm tr\u1ec5.<br \/>\n\u2022 Chi ph\u00ed v\u1eadn chuy\u1ec3n:<br \/>\n\u2022 Mi\u1ec5n ph\u00ed giao h\u00e0ng (Freeship) \u0111\u1ed1i v\u1edbi t\u1ea5t c\u1ea3 \u0111\u01a1n h\u00e0ng \u1edf trong n\u01b0\u1edbc.<br \/>\n\u2022 \u0110\u1ed1i v\u1edbi c\u00e1c \u0111\u01a1n h\u00e0ng n\u01b0\u1edbc ngo\u00e0i, ph\u00ed giao h\u00e0ng s\u1ebd \u0111\u01b0\u1ee3c t\u00ednh theo bi\u1ec3u ph\u00ed ti\u00eau chu\u1ea9n c\u1ee7a \u0111\u01a1n v\u1ecb v\u1eadn chuy\u1ec3n v\u00e0 s\u1ebd \u0111\u01b0\u1ee3c hi\u1ec3n th\u1ecb r\u00f5 r\u00e0ng t\u1ea1i b\u01b0\u1edbc thanh to\u00e1n.<br \/>\n2. Ch\u00ednh s\u00e1ch Ki\u1ec3m h\u00e0ng (\u0110\u1ed3ng ki\u1ec3m)<br \/>\nNh\u1eb1m mang l\u1ea1i tr\u1ea3i nghi\u1ec7m mua s\u1eafm an t\u00e2m v\u00e0 minh b\u1ea1ch nh\u1ea5t \u0111\u1ed1i v\u1edbi c\u00e1c s\u1ea3n ph\u1ea9m trang s\u1ee9c b\u1ea1c cao c\u1ea5p, Aetheria \u00e1p d\u1ee5ng ch\u00ednh s\u00e1ch ki\u1ec3m tra h\u00e0ng h\u00f3a nh\u01b0 sau:<br \/>\n\u2022 Quy \u0111\u1ecbnh m\u1edf h\u1ed9p ki\u1ec3m tra: Khi nh\u1eadn b\u01b0u ki\u1ec7n t\u1eeb nh\u00e2n vi\u00ean giao h\u00e0ng, kh\u00e1ch h\u00e0ng ho\u00e0n to\u00e0n c\u00f3 quy\u1ec1n y\u00eau c\u1ea7u m\u1edf h\u1ed9p \u0111\u1ec3 ki\u1ec3m tra ngo\u1ea1i quan s\u1ea3n ph\u1ea9m. B\u1ea1n c\u00f3 th\u1ec3 ki\u1ec3m tra c\u00e1c y\u1ebfu t\u1ed1: s\u1ed1 l\u01b0\u1ee3ng, m\u1eabu m\u00e3 s\u1ea3n ph\u1ea9m, t\u00ecnh tr\u1ea1ng h\u1ed9p \u0111\u1ef1ng v\u00e0 c\u00e1c ph\u1ee5 ki\u1ec7n \u0111i k\u00e8m (th\u1ebb b\u1ea3o h\u00e0nh, kh\u0103n lau b\u1ea1c&#8230;).<br \/>\n\u2022 Kh\u00f4ng h\u1ed7 tr\u1ee3 th\u1eed s\u1ea3n ph\u1ea9m: Nh\u1eb1m \u0111\u1ea3m b\u1ea3o ti\u00eau chu\u1ea9n v\u1ec7 sinh, an to\u00e0n v\u00e0 cam k\u1ebft t\u00ednh m\u1edbi 100% c\u1ee7a c\u00e1c s\u1ea3n ph\u1ea9m trang s\u1ee9c trao \u0111\u1ebfn tay kh\u00e1ch h\u00e0ng, Aetheria xin ph\u00e9p kh\u00f4ng h\u1ed7 tr\u1ee3 \u01b0\u1edbm\/th\u1eed s\u1ea3n ph\u1ea9m l\u00ean ng\u01b0\u1eddi trong qu\u00e1 tr\u00ecnh \u0111\u1ed3ng ki\u1ec3m.<br \/>\n\u2022 X\u1eed l\u00fd s\u1ef1 c\u1ed1 \u0111\u1ed3ng ki\u1ec3m: Trong tr\u01b0\u1eddng h\u1ee3p ph\u00e1t hi\u1ec7n b\u01b0u ki\u1ec7n c\u00f3 d\u1ea5u hi\u1ec7u b\u1ecb c\u1ea1y m\u1edf t\u1eeb tr\u01b0\u1edbc, s\u1ea3n ph\u1ea9m b\u1ecb m\u00f3p m\u00e9o, \u0111\u1ee9t g\u00e3y do qu\u00e1 tr\u00ecnh v\u1eadn chuy\u1ec3n ho\u1eb7c giao sai m\u1eabu m\u00e3, kh\u00e1ch h\u00e0ng c\u00f3 quy\u1ec1n t\u1eeb ch\u1ed1i nh\u1eadn h\u00e0ng v\u00e0 kh\u00f4ng ph\u1ea3i ch\u1ecbu b\u1ea5t k\u1ef3 kho\u1ea3n ph\u00ed n\u00e0o. Vui l\u00f2ng li\u00ean h\u1ec7 ngay v\u1edbi Hotline c\u1ee7a Aetheria \u0111\u1ec3 \u0111\u01b0\u1ee3c h\u1ed7 tr\u1ee3 x\u1eed l\u00fd \u0111\u1ed5i tr\u1ea3 l\u1eadp t\u1ee9c.<br \/>\n\u2022 Khuy\u1ebfn ngh\u1ecb: Aetheria lu\u00f4n khuy\u1ebfn kh\u00edch kh\u00e1ch h\u00e0ng quay l\u1ea1i video to\u00e0n b\u1ed9 qu\u00e1 tr\u00ecnh m\u1edf h\u1ed9p (Unboxing) k\u1ec3 t\u1eeb l\u00fac b\u01b0u ki\u1ec7n c\u00f2n nguy\u00ean ni\u00eam phong. \u0110\u00e2y s\u1ebd l\u00e0 c\u01a1 s\u1edf quan tr\u1ecdng nh\u1ea5t \u0111\u1ec3 ch\u00fang t\u00f4i h\u1ed7 tr\u1ee3 b\u1ea1n gi\u1ea3i quy\u1ebft c\u00e1c khi\u1ebfu n\u1ea1i ph\u00e1t sinh m\u1ed9t c\u00e1ch nhanh ch\u00f3ng v\u00e0 b\u1ea3o v\u1ec7 t\u1ed1i \u0111a quy\u1ec1n l\u1ee3i c\u1ee7a b\u1ea1n sau khi \u0111\u00e3 nh\u1eadn h\u00e0ng.<\/div>\n<\/div>\n<\/div>\n<\/div>\n<\/div>\n<\/div>\n<\/div>\n<\/div>\n<\/div>\n<\/div>\n<\/div>\n","protected":false},"excerpt":{"rendered":"<p>D\u01b0\u1edbi \u0111\u00e2y l\u00e0 b\u1ea3n th\u1ea3o chi ti\u1ebft cho trang Ch\u00ednh s\u00e1ch Giao h\u00e0ng &amp; Ki\u1ec3m h\u00e0ng \u0111\u01b0\u1ee3c thi\u1ebft k\u1ebf v\u1edbi [&hellip;]<\/p>\n","protected":false},"author":1,"featured_media":0,"parent":0,"menu_order":0,"comment_status":"closed","ping_status":"closed","template":"","meta":{"site-sidebar-layout":"default","site-content-layout":"","ast-site-content-layout":"default","site-content-style":"default","site-sidebar-style":"default","ast-global-header-display":"","ast-banner-title-visibility":"","ast-main-header-display":"","ast-hfb-above-header-display":"","ast-hfb-below-header-display":"","ast-hfb-mobile-header-display":"","site-post-title":"","ast-breadcrumbs-content":"","ast-featured-img":"","footer-sml-layout":"","ast-disable-related-posts":"","theme-transparent-header-meta":"disabled","adv-header-id-meta":"","stick-header-meta":"","header-above-stick-meta":"","header-main-stick-meta":"","header-below-stick-meta":"","astra-migrate-meta-layouts":"set","ast-page-background-enabled":"default","ast-page-background-meta":{"desktop":{"background-color":"var(--ast-global-color-5)","background-image":"","background-repeat":"repeat","background-position":"center center","background-size":"auto","background-attachment":"scroll","background-type":"","background-media":"","overlay-type":"","overlay-color":"","overlay-opacity":"","overlay-gradient":""},"tablet":{"background-color":"","background-image":"","background-repeat":"repeat","background-position":"center center","background-size":"auto","background-attachment":"scroll","background-type":"","background-media":"","overlay-type":"","overlay-color":"","overlay-opacity":"","overlay-gradient":""},"mobile":{"background-color":"","background-image":"","background-repeat":"repeat","background-position":"center center","background-size":"auto","background-attachment":"scroll","background-type":"","background-media":"","overlay-type":"","overlay-color":"","overlay-opacity":"","overlay-gradient":""}},"ast-content-background-meta":{"desktop":{"background-color":"var(--ast-global-color-4)","background-image":"","background-repeat":"repeat","background-position":"center center","background-size":"auto","background-attachment":"scroll","background-type":"","background-media":"","overlay-type":"","overlay-color":"","overlay-opacity":"","overlay-gradient":""},"tablet":{"background-color":"var(--ast-global-color-4)","background-image":"","background-repeat":"repeat","background-position":"center center","background-size":"auto","background-attachment":"scroll","background-type":"","background-media":"","overlay-type":"","overlay-color":"","overlay-opacity":"","overlay-gradient":""},"mobile":{"background-color":"var(--ast-global-color-4)","background-image":"","background-repeat":"repeat","background-position":"center center","background-size":"auto","background-attachment":"scroll","background-type":"","background-media":"","overlay-type":"","overlay-color":"","overlay-opacity":"","overlay-gradient":""}},"_joinchat":[],"footnotes":""},"class_list":["post-316","page","type-page","status-publish","hentry"],"_links":{"self":[{"href":"https:\/\/aetheria.io.vn\/index.php?rest_route=\/wp\/v2\/pages\/316","targetHints":{"allow":["GET"]}}],"collection":[{"href":"https:\/\/aetheria.io.vn\/index.php?rest_route=\/wp\/v2\/pages"}],"about":[{"href":"https:\/\/aetheria.io.vn\/index.php?rest_route=\/wp\/v2\/types\/page"}],"author":[{"embeddable":true,"href":"https:\/\/aetheria.io.vn\/index.php?rest_route=\/wp\/v2\/users\/1"}],"replies":[{"embeddable":true,"href":"https:\/\/aetheria.io.vn\/index.php?rest_route=%2Fwp%2Fv2%2Fcomments&post=316"}],"version-history":[{"count":2,"href":"https:\/\/aetheria.io.vn\/index.php?rest_route=\/wp\/v2\/pages\/316\/revisions"}],"predecessor-version":[{"id":669,"href":"https:\/\/aetheria.io.vn\/index.php?rest_route=\/wp\/v2\/pages\/316\/revisions\/669"}],"wp:attachment":[{"href":"https:\/\/aetheria.io.vn\/index.php?rest_route=%2Fwp%2Fv2%2Fmedia&parent=316"}],"curies":[{"name":"wp","href":"https:\/\/api.w.org\/{rel}","templated":true}]}}