{"id":324,"date":"2026-04-17T11:56:51","date_gmt":"2026-04-17T11:56:51","guid":{"rendered":"https:\/\/aetheria.io.vn\/?page_id=324"},"modified":"2026-04-20T20:20:36","modified_gmt":"2026-04-20T13:20:36","slug":"goc-kien-thuc-ve-bac-s925","status":"publish","type":"page","link":"https:\/\/aetheria.io.vn\/?page_id=324","title":{"rendered":"G\u00f3c ki\u1ebfn th\u1ee9c v\u1ec1 B\u1ea1c S925"},"content":{"rendered":"<h2 class=\"\" data-path-to-node=\"3\">T\u1ea4T T\u1ea6N T\u1eacT V\u1ec0 B\u1ea0C S925 \u2013 V\u1eba \u0110\u1eb8P TINH T\u1ebe V\u00c0 B\u1ec0N B\u1ec8<\/h2>\n<p data-path-to-node=\"4\"><span class=\"\">N\u1ebfu b\u1ea1n l\u00e0 m\u1ed9t t\u00edn \u0111\u1ed3 c\u1ee7a trang s\u1ee9c,<\/span><span class=\"\"> ch\u1eafc h\u1eb3n c\u00e1i t\u00ean <\/span><b class=\"\" data-path-to-node=\"4\" data-index-in-node=\"54\">B\u1ea1c S925<\/b><span class=\"\"> \u0111\u00e3 kh\u00f4ng c\u00f2n qu\u00e1 xa l\u1ea1.<\/span><span class=\"\"> Nh\u01b0ng v\u00ec sao lo\u1ea1i b\u1ea1c n\u00e0y l\u1ea1i \u0111\u01b0\u1ee3c c\u00e1c th\u01b0\u01a1ng hi\u1ec7u trang s\u1ee9c cao c\u1ea5p nh\u01b0 <\/span><b class=\"\" data-path-to-node=\"4\" data-index-in-node=\"160\">Aetheria<\/b><span class=\"\"> \u01b0u ti\u00ean s\u1eed d\u1ee5ng thay v\u00ec b\u1ea1c nguy\u00ean ch\u1ea5t?<\/span><span class=\"\"> H\u00e3y c\u00f9ng kh\u00e1m ph\u00e1 ngay sau \u0111\u00e2y!<\/span><\/p>\n<h3 class=\"\" data-path-to-node=\"5\">1. B\u1ea1c S925 l\u00e0 g\u00ec?<\/h3>\n<p data-path-to-node=\"6\"><span class=\"\">B\u1ea1c S925 (hay c\u00f2n g\u1ecdi l\u00e0 B\u1ea1c \u00dd) l\u00e0 lo\u1ea1i b\u1ea1c c\u00f3 th\u00e0nh ph\u1ea7n ch\u1ee9a <\/span><b class=\"\" data-path-to-node=\"6\" data-index-in-node=\"63\">92.5% l\u00e0 b\u1ea1c nguy\u00ean ch\u1ea5t<\/b><span class=\"\">,<\/span><span class=\"\"> v\u00e0 <\/span><b class=\"\" data-path-to-node=\"6\" data-index-in-node=\"92\">7.5% c\u00f2n l\u1ea1i l\u00e0 c\u00e1c h\u1ee3p ch\u1ea5t kim lo\u1ea1i qu\u00fd kh\u00e1c<\/b><span class=\"\"> (th\u01b0\u1eddng l\u00e0 \u0111\u1ed3ng ho\u1eb7c rhodium).<\/span><\/p>\n<ul data-path-to-node=\"7\">\n<li>\n<p data-path-to-node=\"7,0,0\"><b class=\"\" data-path-to-node=\"7,0,0\" data-index-in-node=\"0\">T\u1ea1i sao kh\u00f4ng d\u00f9ng b\u1ea1c 100%?<\/b><span class=\"\"> B\u1ea1c nguy\u00ean ch\u1ea5t r\u1ea5t m\u1ec1m,<\/span><span class=\"\"> kh\u00f3 c\u00f3 th\u1ec3 ch\u1ebf t\u00e1c th\u00e0nh nh\u1eefng m\u00f3n \u0111\u1ed3 tinh x\u1ea3o,<\/span><span class=\"\"> nh\u1ecf nh\u1eafn v\u00e0 d\u1ec5 b\u1ecb bi\u1ebfn d\u1ea1ng khi \u0111eo.<\/span><span class=\"\"> Vi\u1ec7c pha th\u00eam 7.<\/span><span class=\"\">5% h\u1ee3p kim gi\u00fap b\u1ea1c tr\u1edf n\u00ean c\u1ee9ng c\u00e1p,<\/span><span class=\"\"> b\u1ec1n m\u00e0u v\u00e0 gi\u1eef \u0111\u01b0\u1ee3c \u0111\u1ed9 s\u00e1ng b\u00f3ng l\u00e2u h\u01a1n.<\/span><\/p>\n<\/li>\n<\/ul>\n<h3 class=\"\" data-path-to-node=\"8\">2. \u01afu \u0111i\u1ec3m v\u01b0\u1ee3t tr\u1ed9i c\u1ee7a B\u1ea1c S925 t\u1ea1i Aetheria<\/h3>\n<ul data-path-to-node=\"9\">\n<li>\n<p data-path-to-node=\"9,0,0\"><b class=\"\" data-path-to-node=\"9,0,0\" data-index-in-node=\"0\">\u0110\u1ed9 b\u1ec1n cao:<\/b><span class=\"\"> Nh\u1edd \u0111\u1ed9 c\u1ee9ng l\u00fd t\u01b0\u1edfng,<\/span><span class=\"\"> B\u1ea1c S925 cho ph\u00e9p c\u00e1c ngh\u1ec7 nh\u00e2n ch\u1ebf t\u00e1c n\u00ean nh\u1eefng chi ti\u1ebft c\u1ef1c k\u1ef3 tinh vi,<\/span><span class=\"\"> \u0111\u00ednh \u0111\u00e1 ch\u1eafc ch\u1eafn m\u00e0 kh\u00f4ng s\u1ee3 r\u01a1i r\u1edbt.<\/span><\/p>\n<\/li>\n<li>\n<p data-path-to-node=\"9,1,0\"><b class=\"\" data-path-to-node=\"9,1,0\" data-index-in-node=\"0\">\u0110\u1ed9 s\u00e1ng b\u00f3ng ho\u00e0n h\u1ea3o:<\/b><span class=\"\"> H\u1ee3p kim cao c\u1ea5p gi\u00fap trang s\u1ee9c c\u00f3 m\u00e0u tr\u1eafng s\u00e1ng t\u1ef1 nhi\u00ean,<\/span><span class=\"\"> thanh l\u1ecbch,<\/span><span class=\"\"> ph\u00f9 h\u1ee3p v\u1edbi m\u1ecdi t\u00f4ng da.<\/span><\/p>\n<\/li>\n<li>\n<p data-path-to-node=\"9,2,0\"><b class=\"\" data-path-to-node=\"9,2,0\" data-index-in-node=\"0\">An to\u00e0n cho da:<\/b><span class=\"\"> B\u1ea1c S925 chu\u1ea9n qu\u1ed1c t\u1ebf kh\u00f4ng ch\u1ee9a ch\u00ec hay niken,<\/span><span class=\"\"> ho\u00e0n to\u00e0n kh\u00f4ng g\u00e2y k\u00edch \u1ee9ng,<\/span><span class=\"\"> ngay c\u1ea3 v\u1edbi nh\u1eefng l\u00e0n da nh\u1ea1y c\u1ea3m nh\u1ea5t.<\/span><\/p>\n<\/li>\n<\/ul>\n<h3 class=\"\" data-path-to-node=\"10\">3. T\u1ea1i sao B\u1ea1c S925 v\u1eabn c\u00f3 th\u1ec3 b\u1ecb \u0111en?<\/h3>\n<p data-path-to-node=\"11\"><span class=\"\">Nhi\u1ec1u ng\u01b0\u1eddi l\u1ea7m t\u01b0\u1edfng &#8220;b\u1ea1c \u0111en l\u00e0 b\u1ea1c gi\u1ea3&#8221;,<\/span><span class=\"\"> nh\u01b0ng th\u1ef1c t\u1ebf ho\u00e0n to\u00e0n ng\u01b0\u1ee3c l\u1ea1i:<\/span><\/p>\n<ul data-path-to-node=\"12\">\n<li>\n<p data-path-to-node=\"12,0,0\"><b class=\"\" data-path-to-node=\"12,0,0\" data-index-in-node=\"0\">Ph\u1ea3n \u1ee9ng h\u00f3a h\u1ecdc:<\/b> B\u1ea1c c\u00f3 \u0111\u1eb7c t\u00ednh h\u00fat \u0111\u1ed9c t\u1ed1 v\u00e0 ph\u1ea3n \u1ee9ng v\u1edbi l\u01b0u hu\u1ef3nh (c\u00f3 trong kh\u00f4ng kh\u00ed, m\u1ed3 h\u00f4i ho\u1eb7c n\u01b0\u1edbc su\u1ed1i kho\u00e1ng). K\u1ebft qu\u1ea3 c\u1ee7a ph\u1ea3n \u1ee9ng n\u00e0y l\u00e0 ch\u1ea5t <i data-path-to-node=\"12,0,0\" data-index-in-node=\"156\">Ag2S<\/i> m\u00e0u \u0111en b\u00e1m tr\u00ean b\u1ec1 m\u1eb7t.<\/p>\n<\/li>\n<li>\n<p data-path-to-node=\"12,1,0\"><b data-path-to-node=\"12,1,0\" data-index-in-node=\"0\">C\u01a1 \u0111\u1ecba:<\/b> T\u00f9y v\u00e0o tuy\u1ebfn m\u1ed3 h\u00f4i c\u1ee7a m\u1ed7i ng\u01b0\u1eddi m\u00e0 b\u1ea1c c\u00f3 th\u1ec3 s\u00e1ng b\u00f3ng h\u01a1n ho\u1eb7c nhanh b\u1ecb x\u1ec9n m\u00e0u h\u01a1n.<\/p>\n<\/li>\n<\/ul>\n<blockquote data-path-to-node=\"13\">\n<p data-path-to-node=\"13,0\"><b data-path-to-node=\"13,0\" data-index-in-node=\"0\">Tin vui:<\/b> B\u1ea1c S925 b\u1ecb \u0111en ho\u00e0n to\u00e0n c\u00f3 th\u1ec3 l\u00e0m s\u00e1ng l\u1ea1i nh\u01b0 m\u1edbi nh\u1edd c\u00e1c d\u1ecbch v\u1ee5 \u0111\u00e1nh b\u00f3ng chuy\u00ean d\u1ee5ng t\u1ea1i <b data-path-to-node=\"13,0\" data-index-in-node=\"105\">Aetheria<\/b>.<\/p>\n<\/blockquote>\n<h3 data-path-to-node=\"14\">4. C\u00e1ch nh\u1eadn bi\u1ebft B\u1ea1c S925 th\u1eadt<\/h3>\n<ol start=\"1\" data-path-to-node=\"15\">\n<li>\n<p data-path-to-node=\"15,0,0\"><b data-path-to-node=\"15,0,0\" data-index-in-node=\"0\">Ki\u1ec3m tra k\u00fd hi\u1ec7u:<\/b> Tr\u00ean m\u1ed7i s\u1ea3n ph\u1ea9m chu\u1ea9n lu\u00f4n c\u00f3 kh\u1eafc ch\u00ecm k\u00fd hi\u1ec7u <b data-path-to-node=\"15,0,0\" data-index-in-node=\"68\">&#8220;S925&#8221;<\/b> ho\u1eb7c <b data-path-to-node=\"15,0,0\" data-index-in-node=\"80\">&#8220;925&#8221;<\/b>.<\/p>\n<\/li>\n<\/ol>\n","protected":false},"excerpt":{"rendered":"<p>T\u1ea4T T\u1ea6N T\u1eacT V\u1ec0 B\u1ea0C S925 \u2013 V\u1eba \u0110\u1eb8P TINH T\u1ebe V\u00c0 B\u1ec0N B\u1ec8 N\u1ebfu b\u1ea1n l\u00e0 m\u1ed9t t\u00edn \u0111\u1ed3 [&hellip;]<\/p>\n","protected":false},"author":1,"featured_media":0,"parent":0,"menu_order":0,"comment_status":"closed","ping_status":"closed","template":"","meta":{"site-sidebar-layout":"default","site-content-layout":"","ast-site-content-layout":"default","site-content-style":"default","site-sidebar-style":"default","ast-global-header-display":"","ast-banner-title-visibility":"","ast-main-header-display":"","ast-hfb-above-header-display":"","ast-hfb-below-header-display":"","ast-hfb-mobile-header-display":"","site-post-title":"","ast-breadcrumbs-content":"","ast-featured-img":"","footer-sml-layout":"","ast-disable-related-posts":"","theme-transparent-header-meta":"disabled","adv-header-id-meta":"","stick-header-meta":"","header-above-stick-meta":"","header-main-stick-meta":"","header-below-stick-meta":"","astra-migrate-meta-layouts":"set","ast-page-background-enabled":"default","ast-page-background-meta":{"desktop":{"background-color":"var(--ast-global-color-5)","background-image":"","background-repeat":"repeat","background-position":"center center","background-size":"auto","background-attachment":"scroll","background-type":"","background-media":"","overlay-type":"","overlay-color":"","overlay-opacity":"","overlay-gradient":""},"tablet":{"background-color":"","background-image":"","background-repeat":"repeat","background-position":"center center","background-size":"auto","background-attachment":"scroll","background-type":"","background-media":"","overlay-type":"","overlay-color":"","overlay-opacity":"","overlay-gradient":""},"mobile":{"background-color":"","background-image":"","background-repeat":"repeat","background-position":"center center","background-size":"auto","background-attachment":"scroll","background-type":"","background-media":"","overlay-type":"","overlay-color":"","overlay-opacity":"","overlay-gradient":""}},"ast-content-background-meta":{"desktop":{"background-color":"var(--ast-global-color-4)","background-image":"","background-repeat":"repeat","background-position":"center center","background-size":"auto","background-attachment":"scroll","background-type":"","background-media":"","overlay-type":"","overlay-color":"","overlay-opacity":"","overlay-gradient":""},"tablet":{"background-color":"var(--ast-global-color-4)","background-image":"","background-repeat":"repeat","background-position":"center center","background-size":"auto","background-attachment":"scroll","background-type":"","background-media":"","overlay-type":"","overlay-color":"","overlay-opacity":"","overlay-gradient":""},"mobile":{"background-color":"var(--ast-global-color-4)","background-image":"","background-repeat":"repeat","background-position":"center center","background-size":"auto","background-attachment":"scroll","background-type":"","background-media":"","overlay-type":"","overlay-color":"","overlay-opacity":"","overlay-gradient":""}},"_joinchat":[],"footnotes":""},"class_list":["post-324","page","type-page","status-publish","hentry"],"_links":{"self":[{"href":"https:\/\/aetheria.io.vn\/index.php?rest_route=\/wp\/v2\/pages\/324","targetHints":{"allow":["GET"]}}],"collection":[{"href":"https:\/\/aetheria.io.vn\/index.php?rest_route=\/wp\/v2\/pages"}],"about":[{"href":"https:\/\/aetheria.io.vn\/index.php?rest_route=\/wp\/v2\/types\/page"}],"author":[{"embeddable":true,"href":"https:\/\/aetheria.io.vn\/index.php?rest_route=\/wp\/v2\/users\/1"}],"replies":[{"embeddable":true,"href":"https:\/\/aetheria.io.vn\/index.php?rest_route=%2Fwp%2Fv2%2Fcomments&post=324"}],"version-history":[{"count":2,"href":"https:\/\/aetheria.io.vn\/index.php?rest_route=\/wp\/v2\/pages\/324\/revisions"}],"predecessor-version":[{"id":675,"href":"https:\/\/aetheria.io.vn\/index.php?rest_route=\/wp\/v2\/pages\/324\/revisions\/675"}],"wp:attachment":[{"href":"https:\/\/aetheria.io.vn\/index.php?rest_route=%2Fwp%2Fv2%2Fmedia&parent=324"}],"curies":[{"name":"wp","href":"https:\/\/api.w.org\/{rel}","templated":true}]}}