{"id":327,"date":"2026-04-17T11:59:17","date_gmt":"2026-04-17T11:59:17","guid":{"rendered":"https:\/\/aetheria.io.vn\/?page_id=327"},"modified":"2026-04-20T20:20:09","modified_gmt":"2026-04-20T13:20:09","slug":"chuong-trinh-khach-hang-than-thiet","status":"publish","type":"page","link":"https:\/\/aetheria.io.vn\/?page_id=327","title":{"rendered":"Ch\u01b0\u01a1ng tr\u00ecnh Kh\u00e1ch h\u00e0ng th\u00e2n thi\u1ebft"},"content":{"rendered":"<h2 data-path-to-node=\"3\">CH\u01af\u01a0NG TR\u00ccNH KH\u00c1CH H\u00c0NG TH\u00c2N THI\u1ebeT &#8211; AETHERIA CLUB<\/h2>\n<p data-path-to-node=\"4\">Gia nh\u1eadp <b data-path-to-node=\"4\" data-index-in-node=\"9\">Aetheria Club<\/b> \u0111\u1ec3 t\u1eadn h\u01b0\u1edfng nh\u1eefng \u0111\u1eb7c quy\u1ec1n d\u00e0nh ri\u00eang cho b\u1ea1n. Ch\u00fang t\u00f4i kh\u00f4ng ch\u1ec9 b\u00e1n trang s\u1ee9c, ch\u00fang t\u00f4i tr\u00e2n tr\u1ecdng s\u1ef1 g\u1eafn k\u1ebft c\u1ee7a b\u1ea1n tr\u00ean h\u00e0nh tr\u00ecnh t\u00f4n vinh v\u1ebb \u0111\u1eb9p b\u1ea3n th\u00e2n.<\/p>\n<h3 data-path-to-node=\"5\">1. C\u00e1ch th\u1ee9c t\u00edch l\u0169y \u0111i\u1ec3m (A-Points)<\/h3>\n<p data-path-to-node=\"6\">V\u1edbi m\u1ed7i h\u00f3a \u0111\u01a1n mua s\u1eafm, qu\u00fd kh\u00e1ch s\u1ebd \u0111\u01b0\u1ee3c t\u00edch l\u0169y \u0111i\u1ec3m th\u01b0\u1edfng d\u1ef1a tr\u00ean gi\u00e1 tr\u1ecb \u0111\u01a1n h\u00e0ng:<\/p>\n<ul data-path-to-node=\"7\">\n<li>\n<p data-path-to-node=\"7,0,0\"><b data-path-to-node=\"7,0,0\" data-index-in-node=\"0\">Quy \u0111\u1ed5i:<\/b> 10.000\u0111 = 1 \u0111i\u1ec3m (A-Point).<\/p>\n<\/li>\n<li>\n<p data-path-to-node=\"7,1,0\">\u0110i\u1ec3m \u0111\u01b0\u1ee3c t\u00edch l\u0169y t\u1ef1 \u0111\u1ed9ng qua S\u1ed1 \u0111i\u1ec7n tho\u1ea1i mua h\u00e0ng (kh\u00f4ng c\u1ea7n th\u1ebb v\u1eadt l\u00fd).<\/p>\n<\/li>\n<\/ul>\n<h3 data-path-to-node=\"8\">2. Ph\u00e2n h\u1ea1ng th\u00e0nh vi\u00ean &amp; \u0110\u1eb7c quy\u1ec1n<\/h3>\n<p data-path-to-node=\"9\">D\u1ef1a tr\u00ean t\u1ed5ng chi ti\u00eau trong n\u0103m, qu\u00fd kh\u00e1ch s\u1ebd \u0111\u01b0\u1ee3c th\u0103ng h\u1ea1ng v\u00e0 nh\u1eadn c\u00e1c \u01b0u \u0111\u00e3i t\u01b0\u01a1ng \u1ee9ng:<\/p>\n<table data-path-to-node=\"10\">\n<thead>\n<tr>\n<td><strong>H\u1ea1ng th\u00e0nh vi\u00ean<\/strong><\/td>\n<td><strong>\u0110i\u1ec1u ki\u1ec7n (T\u1ed5ng chi ti\u00eau)<\/strong><\/td>\n<td><strong>\u01afu \u0111\u00e3i \u0111\u1eb7c quy\u1ec1n<\/strong><\/td>\n<\/tr>\n<\/thead>\n<tbody>\n<tr>\n<td><span data-path-to-node=\"10,1,0,0\"><b data-path-to-node=\"10,1,0,0\" data-index-in-node=\"0\">SILVER<\/b><\/span><\/td>\n<td><span data-path-to-node=\"10,1,1,0\">T\u1eeb 0\u0111 &#8211; 2.000.000\u0111<\/span><\/td>\n<td>\n<p data-path-to-node=\"10,1,2,0\">\u2022 T\u00edch l\u0169y \u0111i\u1ec3m th\u01b0\u1edfng.<\/p>\n<p>&nbsp;<\/p>\n<p data-path-to-node=\"10,1,2,2\">\u2022 L\u00e0m s\u00e1ng b\u1ea1c mi\u1ec5n ph\u00ed tr\u1ecdn \u0111\u1eddi.<\/p>\n<\/td>\n<\/tr>\n<tr>\n<td><span data-path-to-node=\"10,2,0,0\"><b data-path-to-node=\"10,2,0,0\" data-index-in-node=\"0\">GOLD<\/b><\/span><\/td>\n<td><span data-path-to-node=\"10,2,1,0\">T\u1eeb 2.000.000\u0111 &#8211; 5.000.000\u0111<\/span><\/td>\n<td>\n<p data-path-to-node=\"10,2,2,0\">\u2022 <b data-path-to-node=\"10,2,2,0\" data-index-in-node=\"2\">Gi\u1ea3m 5%<\/b> m\u1ecdi h\u00f3a \u0111\u01a1n.<\/p>\n<p>&nbsp;<\/p>\n<p data-path-to-node=\"10,2,2,2\">\u2022 Qu\u00e0 t\u1eb7ng sinh nh\u1eadt tr\u1ecb gi\u00e1 200k.<\/p>\n<\/td>\n<\/tr>\n<tr>\n<td><span data-path-to-node=\"10,3,0,0\"><b data-path-to-node=\"10,3,0,0\" data-index-in-node=\"0\">DIAMOND<\/b><\/span><\/td>\n<td><span data-path-to-node=\"10,3,1,0\">Tr\u00ean 5.000.000\u0111<\/span><\/td>\n<td>\n<p data-path-to-node=\"10,3,2,0\">\u2022 <b data-path-to-node=\"10,3,2,0\" data-index-in-node=\"2\">Gi\u1ea3m 10%<\/b> m\u1ecdi h\u00f3a \u0111\u01a1n.<\/p>\n<p>&nbsp;<\/p>\n<p data-path-to-node=\"10,3,2,2\">\u2022 Mi\u1ec5n ph\u00ed v\u1eadn chuy\u1ec3n m\u1ecdi \u0111\u01a1n h\u00e0ng.<\/p>\n<p>&nbsp;<\/p>\n<p data-path-to-node=\"10,3,2,4\">\u2022 \u01afu ti\u00ean mua s\u1edbm c\u00e1c b\u1ed9 s\u01b0u t\u1eadp gi\u1edbi h\u1ea1n.<\/p>\n<\/td>\n<\/tr>\n<\/tbody>\n<\/table>\n<h3 data-path-to-node=\"11\">3. Qu\u00e0 t\u1eb7ng m\u1eebng sinh nh\u1eadt<\/h3>\n<ul data-path-to-node=\"12\">\n<li>\n<p data-path-to-node=\"12,0,0\">Trong th\u00e1ng sinh nh\u1eadt, kh\u00e1ch h\u00e0ng th\u00e0nh vi\u00ean \u0111\u01b0\u1ee3c nh\u1eadn th\u00eam <b data-path-to-node=\"12,0,0\" data-index-in-node=\"60\">01 m\u00e3 gi\u1ea3m gi\u00e1 15%<\/b> (\u00e1p d\u1ee5ng cho 01 l\u1ea7n mua duy nh\u1ea5t).<\/p>\n<\/li>\n<li>\n<p data-path-to-node=\"12,1,0\">Qu\u00e0 t\u1eb7ng v\u1eadt l\u00fd b\u00ed m\u1eadt d\u00e0nh ri\u00eang cho h\u1ea1ng Diamond.<\/p>\n<\/li>\n<\/ul>\n<h3 data-path-to-node=\"13\">4. Quy \u0111\u1ecbnh s\u1eed d\u1ee5ng \u0111i\u1ec3m<\/h3>\n<ul data-path-to-node=\"14\">\n<li>\n<p data-path-to-node=\"14,0,0\">\u0110i\u1ec3m t\u00edch l\u0169y (A-Points) c\u00f3 th\u1ec3 d\u00f9ng \u0111\u1ec3 tr\u1eeb tr\u1ef1c ti\u1ebfp v\u00e0o h\u00f3a \u0111\u01a1n ti\u1ebfp theo (1 \u0111i\u1ec3m = 500\u0111).<\/p>\n<\/li>\n<li>\n<p data-path-to-node=\"14,1,0\">\u0110i\u1ec3m kh\u00f4ng c\u00f3 gi\u00e1 tr\u1ecb quy \u0111\u1ed5i th\u00e0nh ti\u1ec1n m\u1eb7t.<\/p>\n<\/li>\n<li>\n<p data-path-to-node=\"14,2,0\">\u0110i\u1ec3m s\u1ebd \u0111\u01b0\u1ee3c reset v\u00e0o ng\u00e0y 31\/12 h\u00e0ng n\u0103m \u0111\u1ec3 b\u1eaft \u0111\u1ea7u m\u1ed9t chu k\u1ef3 ch\u0103m s\u00f3c m\u1edbi.<\/p>\n<\/li>\n<\/ul>\n","protected":false},"excerpt":{"rendered":"<p>CH\u01af\u01a0NG TR\u00ccNH KH\u00c1CH H\u00c0NG TH\u00c2N THI\u1ebeT &#8211; AETHERIA CLUB Gia nh\u1eadp Aetheria Club \u0111\u1ec3 t\u1eadn h\u01b0\u1edfng nh\u1eefng \u0111\u1eb7c quy\u1ec1n d\u00e0nh [&hellip;]<\/p>\n","protected":false},"author":1,"featured_media":0,"parent":0,"menu_order":0,"comment_status":"closed","ping_status":"closed","template":"","meta":{"site-sidebar-layout":"default","site-content-layout":"","ast-site-content-layout":"default","site-content-style":"default","site-sidebar-style":"default","ast-global-header-display":"","ast-banner-title-visibility":"","ast-main-header-display":"","ast-hfb-above-header-display":"","ast-hfb-below-header-display":"","ast-hfb-mobile-header-display":"","site-post-title":"","ast-breadcrumbs-content":"","ast-featured-img":"","footer-sml-layout":"","ast-disable-related-posts":"","theme-transparent-header-meta":"disabled","adv-header-id-meta":"","stick-header-meta":"","header-above-stick-meta":"","header-main-stick-meta":"","header-below-stick-meta":"","astra-migrate-meta-layouts":"set","ast-page-background-enabled":"default","ast-page-background-meta":{"desktop":{"background-color":"var(--ast-global-color-5)","background-image":"","background-repeat":"repeat","background-position":"center center","background-size":"auto","background-attachment":"scroll","background-type":"","background-media":"","overlay-type":"","overlay-color":"","overlay-opacity":"","overlay-gradient":""},"tablet":{"background-color":"","background-image":"","background-repeat":"repeat","background-position":"center center","background-size":"auto","background-attachment":"scroll","background-type":"","background-media":"","overlay-type":"","overlay-color":"","overlay-opacity":"","overlay-gradient":""},"mobile":{"background-color":"","background-image":"","background-repeat":"repeat","background-position":"center center","background-size":"auto","background-attachment":"scroll","background-type":"","background-media":"","overlay-type":"","overlay-color":"","overlay-opacity":"","overlay-gradient":""}},"ast-content-background-meta":{"desktop":{"background-color":"var(--ast-global-color-4)","background-image":"","background-repeat":"repeat","background-position":"center center","background-size":"auto","background-attachment":"scroll","background-type":"","background-media":"","overlay-type":"","overlay-color":"","overlay-opacity":"","overlay-gradient":""},"tablet":{"background-color":"var(--ast-global-color-4)","background-image":"","background-repeat":"repeat","background-position":"center center","background-size":"auto","background-attachment":"scroll","background-type":"","background-media":"","overlay-type":"","overlay-color":"","overlay-opacity":"","overlay-gradient":""},"mobile":{"background-color":"var(--ast-global-color-4)","background-image":"","background-repeat":"repeat","background-position":"center center","background-size":"auto","background-attachment":"scroll","background-type":"","background-media":"","overlay-type":"","overlay-color":"","overlay-opacity":"","overlay-gradient":""}},"_joinchat":[],"footnotes":""},"class_list":["post-327","page","type-page","status-publish","hentry"],"_links":{"self":[{"href":"https:\/\/aetheria.io.vn\/index.php?rest_route=\/wp\/v2\/pages\/327","targetHints":{"allow":["GET"]}}],"collection":[{"href":"https:\/\/aetheria.io.vn\/index.php?rest_route=\/wp\/v2\/pages"}],"about":[{"href":"https:\/\/aetheria.io.vn\/index.php?rest_route=\/wp\/v2\/types\/page"}],"author":[{"embeddable":true,"href":"https:\/\/aetheria.io.vn\/index.php?rest_route=\/wp\/v2\/users\/1"}],"replies":[{"embeddable":true,"href":"https:\/\/aetheria.io.vn\/index.php?rest_route=%2Fwp%2Fv2%2Fcomments&post=327"}],"version-history":[{"count":3,"href":"https:\/\/aetheria.io.vn\/index.php?rest_route=\/wp\/v2\/pages\/327\/revisions"}],"predecessor-version":[{"id":674,"href":"https:\/\/aetheria.io.vn\/index.php?rest_route=\/wp\/v2\/pages\/327\/revisions\/674"}],"wp:attachment":[{"href":"https:\/\/aetheria.io.vn\/index.php?rest_route=%2Fwp%2Fv2%2Fmedia&parent=327"}],"curies":[{"name":"wp","href":"https:\/\/api.w.org\/{rel}","templated":true}]}}