{"id":9,"date":"2026-04-15T08:12:42","date_gmt":"2026-04-15T08:12:42","guid":{"rendered":"https:\/\/aetheria.io.vn\/?page_id=9"},"modified":"2026-04-20T17:23:59","modified_gmt":"2026-04-20T10:23:59","slug":"cart","status":"publish","type":"page","link":"https:\/\/aetheria.io.vn\/?page_id=9","title":{"rendered":"Cart"},"content":{"rendered":"\r\n<div data-block-name=\"woocommerce\/cart\" class=\"wp-block-woocommerce-cart alignwide is-loading\">\r\n<div data-block-name=\"woocommerce\/filled-cart-block\" class=\"wp-block-woocommerce-filled-cart-block\">\r\n<div data-block-name=\"woocommerce\/cart-items-block\" class=\"wp-block-woocommerce-cart-items-block\">\r\n<div data-block-name=\"woocommerce\/cart-line-items-block\" class=\"wp-block-woocommerce-cart-line-items-block\">\u00a0<\/div>\r\n\r\n\r\n<\/div>\r\n\r\n\r\n\r\n<div data-block-name=\"woocommerce\/cart-totals-block\" class=\"wp-block-woocommerce-cart-totals-block\">\r\n<div data-block-name=\"woocommerce\/cart-order-summary-block\" class=\"wp-block-woocommerce-cart-order-summary-block\">\r\n<div data-block-name=\"woocommerce\/cart-order-summary-heading-block\" class=\"wp-block-woocommerce-cart-order-summary-heading-block\">\u00a0<\/div>\r\n\r\n\r\n\r\n<div data-block-name=\"woocommerce\/cart-order-summary-coupon-form-block\" class=\"wp-block-woocommerce-cart-order-summary-coupon-form-block\">\u00a0<\/div>\r\n\r\n\r\n\r\n\r\n\r\n\r\n\r\n\r\n\r\n\r\n\r\n\r\n\r\n\r\n\r\n\r\n\r\n\r\n\r\n<div data-block-name=\"woocommerce\/cart-order-summary-totals-block\" class=\"wp-block-woocommerce-cart-order-summary-totals-block\">\n<div data-block-name=\"woocommerce\/cart-order-summary-subtotal-block\" class=\"wp-block-woocommerce-cart-order-summary-subtotal-block\">\u00a0<\/div>\n<div data-block-name=\"woocommerce\/cart-order-summary-discount-block\" class=\"wp-block-woocommerce-cart-order-summary-discount-block\">\u00a0<\/div>\n<div data-block-name=\"woocommerce\/cart-order-summary-fee-block\" class=\"wp-block-woocommerce-cart-order-summary-fee-block\">\u00a0<\/div>\n<div data-block-name=\"woocommerce\/cart-order-summary-shipping-block\" class=\"wp-block-woocommerce-cart-order-summary-shipping-block\">\u00a0<\/div>\n<div data-block-name=\"woocommerce\/cart-order-summary-taxes-block\" class=\"wp-block-woocommerce-cart-order-summary-taxes-block\">\u00a0<\/div><\/div>\r\n<\/div>\r\n\r\n\r\n\r\n<div data-block-name=\"woocommerce\/cart-express-payment-block\" class=\"wp-block-woocommerce-cart-express-payment-block\">\u00a0<\/div>\r\n\r\n\r\n\r\n<div data-block-name=\"woocommerce\/proceed-to-checkout-block\" class=\"wp-block-woocommerce-proceed-to-checkout-block\">\u00a0<\/div>\r\n\r\n\r\n\r\n<div data-block-name=\"woocommerce\/cart-accepted-payment-methods-block\" class=\"wp-block-woocommerce-cart-accepted-payment-methods-block\">\u00a0<\/div>\r\n<\/div>\r\n<\/div>\r\n\r\n\r\n\r\n<div data-block-name=\"woocommerce\/empty-cart-block\" class=\"wp-block-woocommerce-empty-cart-block\">\r\n<h2 class=\"wp-block-heading has-text-align-center with-empty-cart-icon wc-block-cart__empty-cart__title\">Your cart is currently empty!<\/h2>\r\n\r\n\r\n<hr class=\"wp-block-separator has-alpha-channel-opacity is-style-dots\" \/>\r\n\r\n\r\n<h2 class=\"wp-block-heading has-text-align-center\">New in store<\/h2>\r\n\r\n\r\n<div data-block-name=\"woocommerce\/product-new\" data-columns=\"4\" data-rows=\"1\" class=\"wc-block-grid wp-block-product-new wp-block-woocommerce-product-new wc-block-product-new has-4-columns\"><ul class=\"wc-block-grid__products\"><li class=\"wc-block-grid__product\">\n\t\t\t\t<a href=\"https:\/\/aetheria.io.vn\/?product=cl\" class=\"wc-block-grid__product-link\">\n\t\t\t\t\t\n\t\t\t\t\t<div class=\"wc-block-grid__product-image\"><img fetchpriority=\"high\" decoding=\"async\" width=\"300\" height=\"300\" src=\"https:\/\/aetheria.io.vn\/wp-content\/uploads\/woocommerce-placeholder-300x300.webp\" class=\"woocommerce-placeholder wp-post-image\" alt=\"\" srcset=\"https:\/\/aetheria.io.vn\/wp-content\/uploads\/woocommerce-placeholder-300x300.webp 300w, https:\/\/aetheria.io.vn\/wp-content\/uploads\/woocommerce-placeholder-100x100.webp 100w, https:\/\/aetheria.io.vn\/wp-content\/uploads\/woocommerce-placeholder-600x600.webp 600w, https:\/\/aetheria.io.vn\/wp-content\/uploads\/woocommerce-placeholder-1024x1024.webp 1024w, https:\/\/aetheria.io.vn\/wp-content\/uploads\/woocommerce-placeholder-150x150.webp 150w, https:\/\/aetheria.io.vn\/wp-content\/uploads\/woocommerce-placeholder-768x768.webp 768w, https:\/\/aetheria.io.vn\/wp-content\/uploads\/woocommerce-placeholder.webp 1200w\" sizes=\"(max-width: 300px) 100vw, 300px\" \/><\/div>\n\t\t\t\t\t<div class=\"wc-block-grid__product-title\">cl<\/div>\n\t\t\t\t<\/a>\n\t\t\t\t<div class=\"wc-block-grid__product-price price\"><span class=\"woocommerce-Price-amount amount\" aria-hidden=\"true\">1.090.000&nbsp;<span class=\"woocommerce-Price-currencySymbol\">&#8363;<\/span><\/span> <span aria-hidden=\"true\">&ndash;<\/span> <span class=\"woocommerce-Price-amount amount\" aria-hidden=\"true\">1.580.000&nbsp;<span class=\"woocommerce-Price-currencySymbol\">&#8363;<\/span><\/span><span class=\"screen-reader-text\">Price range: 1.090.000&nbsp;&#8363; through 1.580.000&nbsp;&#8363;<\/span><\/div>\n\t\t\t\t\n\t\t\t\t<div class=\"wp-block-button wc-block-grid__product-add-to-cart\"><a href=\"https:\/\/aetheria.io.vn\/?product=cl\" aria-label=\"View products in the &ldquo;cl&rdquo; group\" data-quantity=\"1\" data-product_id=\"1100\" data-product_sku=\"fvdsc\" data-price=\"1090000\" rel=\"nofollow\" class=\"wp-block-button__link  add_to_cart_button\">View products<\/a><\/div>\n\t\t\t<\/li><li class=\"wc-block-grid__product\">\n\t\t\t\t<a href=\"https:\/\/aetheria.io.vn\/?product=emerald-clover-collection\" class=\"wc-block-grid__product-link\">\n\t\t\t\t\t\n\t\t\t\t\t<div class=\"wc-block-grid__product-image\"><img decoding=\"async\" width=\"300\" height=\"300\" src=\"https:\/\/aetheria.io.vn\/wp-content\/uploads\/2026\/04\/20240614_vHigTaOF7A-1-300x300.jpeg\" class=\"attachment-woocommerce_thumbnail size-woocommerce_thumbnail\" alt=\"Emerald Clover Collection\" srcset=\"https:\/\/aetheria.io.vn\/wp-content\/uploads\/2026\/04\/20240614_vHigTaOF7A-1-300x300.jpeg 300w, https:\/\/aetheria.io.vn\/wp-content\/uploads\/2026\/04\/20240614_vHigTaOF7A-1-1024x1024.jpeg 1024w, https:\/\/aetheria.io.vn\/wp-content\/uploads\/2026\/04\/20240614_vHigTaOF7A-1-150x150.jpeg 150w, https:\/\/aetheria.io.vn\/wp-content\/uploads\/2026\/04\/20240614_vHigTaOF7A-1-768x768.jpeg 768w, https:\/\/aetheria.io.vn\/wp-content\/uploads\/2026\/04\/20240614_vHigTaOF7A-1-1536x1536.jpeg 1536w, https:\/\/aetheria.io.vn\/wp-content\/uploads\/2026\/04\/20240614_vHigTaOF7A-1-600x600.jpeg 600w, https:\/\/aetheria.io.vn\/wp-content\/uploads\/2026\/04\/20240614_vHigTaOF7A-1-100x100.jpeg 100w, https:\/\/aetheria.io.vn\/wp-content\/uploads\/2026\/04\/20240614_vHigTaOF7A-1.jpeg 1847w\" sizes=\"(max-width: 300px) 100vw, 300px\" \/><\/div>\n\t\t\t\t\t<div class=\"wc-block-grid__product-title\">Emerald Clover Collection<\/div>\n\t\t\t\t<\/a>\n\t\t\t\t<div class=\"wc-block-grid__product-price price\"><span class=\"woocommerce-Price-amount amount\" aria-hidden=\"true\">1.090.000&nbsp;<span class=\"woocommerce-Price-currencySymbol\">&#8363;<\/span><\/span> <span aria-hidden=\"true\">&ndash;<\/span> <span class=\"woocommerce-Price-amount amount\" aria-hidden=\"true\">1.580.000&nbsp;<span class=\"woocommerce-Price-currencySymbol\">&#8363;<\/span><\/span><span class=\"screen-reader-text\">Price range: 1.090.000&nbsp;&#8363; through 1.580.000&nbsp;&#8363;<\/span><\/div>\n\t\t\t\t\n\t\t\t\t<div class=\"wp-block-button wc-block-grid__product-add-to-cart\"><a href=\"https:\/\/aetheria.io.vn\/?product=emerald-clover-collection\" aria-label=\"View products in the &ldquo;Emerald Clover Collection&rdquo; group\" data-quantity=\"1\" data-product_id=\"1063\" data-product_sku=\"CL\" data-price=\"0\" rel=\"nofollow\" class=\"wp-block-button__link  add_to_cart_button\">View products<\/a><\/div>\n\t\t\t<\/li><li class=\"wc-block-grid__product\">\n\t\t\t\t<a href=\"https:\/\/aetheria.io.vn\/?product=hang-tang-khong-ban-30ml-nuoc-rua-trang-suc-bac-cao-cap\" class=\"wc-block-grid__product-link\">\n\t\t\t\t\t\n\t\t\t\t\t<div class=\"wc-block-grid__product-image\"><img decoding=\"async\" width=\"300\" height=\"300\" src=\"https:\/\/aetheria.io.vn\/wp-content\/uploads\/2026\/04\/15ml-300x300.png\" class=\"attachment-woocommerce_thumbnail size-woocommerce_thumbnail\" alt=\"(H\u00e0ng T\u1eb7ng Kh\u00f4ng B\u00e1n) 15ml N\u01b0\u1edbc R\u1eeda Trang S\u1ee9c B\u1ea1c Cao C\u1ea5p\" srcset=\"https:\/\/aetheria.io.vn\/wp-content\/uploads\/2026\/04\/15ml-300x300.png 300w, https:\/\/aetheria.io.vn\/wp-content\/uploads\/2026\/04\/15ml-150x150.png 150w, https:\/\/aetheria.io.vn\/wp-content\/uploads\/2026\/04\/15ml-100x100.png 100w\" sizes=\"(max-width: 300px) 100vw, 300px\" \/><\/div>\n\t\t\t\t\t<div class=\"wc-block-grid__product-title\">(H\u00e0ng T\u1eb7ng Kh\u00f4ng B\u00e1n) 15ml N\u01b0\u1edbc R\u1eeda Trang S\u1ee9c B\u1ea1c Cao C\u1ea5p<\/div>\n\t\t\t\t<\/a>\n\t\t\t\t<div class=\"wc-block-grid__product-price price\"><\/div>\n\t\t\t\t\n\t\t\t\t<div class=\"wp-block-button wc-block-grid__product-add-to-cart\"><a href=\"https:\/\/aetheria.io.vn\/?product=hang-tang-khong-ban-30ml-nuoc-rua-trang-suc-bac-cao-cap\" aria-label=\"View products in the &ldquo;(H\u00e0ng T\u1eb7ng Kh\u00f4ng B\u00e1n) 15ml N\u01b0\u1edbc R\u1eeda Trang S\u1ee9c B\u1ea1c Cao C\u1ea5p&rdquo; group\" data-quantity=\"1\" data-product_id=\"490\" data-product_sku=\"HTKB\" data-price=\"0\" rel=\"nofollow\" class=\"wp-block-button__link  add_to_cart_button\">View products<\/a><\/div>\n\t\t\t<\/li><li class=\"wc-block-grid__product\">\n\t\t\t\t<a href=\"https:\/\/aetheria.io.vn\/?product=day-chuyen-trai-tim-dinh-da-bang-bac-cao-cap\" class=\"wc-block-grid__product-link\">\n\t\t\t\t\t<div class=\"wc-block-grid__product-onsale\">\n\t\t\t<span aria-hidden=\"true\">Sale<\/span>\n\t\t\t<span class=\"screen-reader-text\">Product on sale<\/span>\n\t\t<\/div>\n\t\t\t\t\t<div class=\"wc-block-grid__product-image\"><img loading=\"lazy\" decoding=\"async\" width=\"300\" height=\"300\" src=\"https:\/\/aetheria.io.vn\/wp-content\/uploads\/2026\/04\/full-300x300.webp\" class=\"attachment-woocommerce_thumbnail size-woocommerce_thumbnail\" alt=\"D\u00e2y Chuy\u1ec1n Tr\u00e1i Tim \u0110\u00ednh \u0110\u00e1 B\u1eb1ng B\u1ea1c Cao C\u1ea5p\" srcset=\"https:\/\/aetheria.io.vn\/wp-content\/uploads\/2026\/04\/full-300x300.webp 300w, https:\/\/aetheria.io.vn\/wp-content\/uploads\/2026\/04\/full-100x100.webp 100w, https:\/\/aetheria.io.vn\/wp-content\/uploads\/2026\/04\/full-600x600.webp 600w, https:\/\/aetheria.io.vn\/wp-content\/uploads\/2026\/04\/full-150x150.webp 150w, https:\/\/aetheria.io.vn\/wp-content\/uploads\/2026\/04\/full-768x768.webp 768w, https:\/\/aetheria.io.vn\/wp-content\/uploads\/2026\/04\/full.webp 800w\" sizes=\"(max-width: 300px) 100vw, 300px\" \/><\/div>\n\t\t\t\t\t<div class=\"wc-block-grid__product-title\">D\u00e2y Chuy\u1ec1n Tr\u00e1i Tim \u0110\u00ednh \u0110\u00e1 B\u1eb1ng B\u1ea1c Cao C\u1ea5p<\/div>\n\t\t\t\t<\/a>\n\t\t\t\t<div class=\"wc-block-grid__product-price price\"><span class=\"woocommerce-Price-amount amount\" aria-hidden=\"true\">1.540.000&nbsp;<span class=\"woocommerce-Price-currencySymbol\">&#8363;<\/span><\/span> <span aria-hidden=\"true\">&ndash;<\/span> <span class=\"woocommerce-Price-amount amount\" aria-hidden=\"true\">1.670.000&nbsp;<span class=\"woocommerce-Price-currencySymbol\">&#8363;<\/span><\/span><span class=\"screen-reader-text\">Price range: 1.540.000&nbsp;&#8363; through 1.670.000&nbsp;&#8363;<\/span><\/div>\n\t\t\t\t\n\t\t\t\t<div class=\"wp-block-button wc-block-grid__product-add-to-cart\"><a href=\"https:\/\/aetheria.io.vn\/?product=day-chuyen-trai-tim-dinh-da-bang-bac-cao-cap\" aria-label=\"Select options for &ldquo;D\u00e2y Chuy\u1ec1n Tr\u00e1i Tim \u0110\u00ednh \u0110\u00e1 B\u1eb1ng B\u1ea1c Cao C\u1ea5p&rdquo;\" data-quantity=\"1\" data-product_id=\"431\" data-product_sku=\"NNU05\" data-price=\"0\" rel=\"nofollow\" class=\"wp-block-button__link  add_to_cart_button\">Select options<\/a><\/div>\n\t\t\t<\/li><\/ul><\/div><\/div>\r\n<\/div>\r\n","protected":false},"excerpt":{"rendered":"","protected":false},"author":1,"featured_media":0,"parent":0,"menu_order":0,"comment_status":"closed","ping_status":"closed","template":"","meta":{"site-sidebar-layout":"default","site-content-layout":"","ast-site-content-layout":"default","site-content-style":"default","site-sidebar-style":"default","ast-global-header-display":"","ast-banner-title-visibility":"","ast-main-header-display":"","ast-hfb-above-header-display":"","ast-hfb-below-header-display":"","ast-hfb-mobile-header-display":"","site-post-title":"","ast-breadcrumbs-content":"","ast-featured-img":"","footer-sml-layout":"","ast-disable-related-posts":"","theme-transparent-header-meta":"disabled","adv-header-id-meta":"","stick-header-meta":"","header-above-stick-meta":"","header-main-stick-meta":"","header-below-stick-meta":"","astra-migrate-meta-layouts":"set","ast-page-background-enabled":"default","ast-page-background-meta":{"desktop":{"background-color":"var(--ast-global-color-5)","background-image":"","background-repeat":"repeat","background-position":"center center","background-size":"auto","background-attachment":"scroll","background-type":"","background-media":"","overlay-type":"","overlay-color":"","overlay-opacity":"","overlay-gradient":""},"tablet":{"background-color":"","background-image":"","background-repeat":"repeat","background-position":"center center","background-size":"auto","background-attachment":"scroll","background-type":"","background-media":"","overlay-type":"","overlay-color":"","overlay-opacity":"","overlay-gradient":""},"mobile":{"background-color":"","background-image":"","background-repeat":"repeat","background-position":"center center","background-size":"auto","background-attachment":"scroll","background-type":"","background-media":"","overlay-type":"","overlay-color":"","overlay-opacity":"","overlay-gradient":""}},"ast-content-background-meta":{"desktop":{"background-color":"var(--ast-global-color-4)","background-image":"","background-repeat":"repeat","background-position":"center center","background-size":"auto","background-attachment":"scroll","background-type":"","background-media":"","overlay-type":"","overlay-color":"","overlay-opacity":"","overlay-gradient":""},"tablet":{"background-color":"var(--ast-global-color-4)","background-image":"","background-repeat":"repeat","background-position":"center center","background-size":"auto","background-attachment":"scroll","background-type":"","background-media":"","overlay-type":"","overlay-color":"","overlay-opacity":"","overlay-gradient":""},"mobile":{"background-color":"var(--ast-global-color-4)","background-image":"","background-repeat":"repeat","background-position":"center center","background-size":"auto","background-attachment":"scroll","background-type":"","background-media":"","overlay-type":"","overlay-color":"","overlay-opacity":"","overlay-gradient":""}},"_joinchat":[],"footnotes":""},"class_list":["post-9","page","type-page","status-publish","hentry"],"_links":{"self":[{"href":"https:\/\/aetheria.io.vn\/index.php?rest_route=\/wp\/v2\/pages\/9","targetHints":{"allow":["GET"]}}],"collection":[{"href":"https:\/\/aetheria.io.vn\/index.php?rest_route=\/wp\/v2\/pages"}],"about":[{"href":"https:\/\/aetheria.io.vn\/index.php?rest_route=\/wp\/v2\/types\/page"}],"author":[{"embeddable":true,"href":"https:\/\/aetheria.io.vn\/index.php?rest_route=\/wp\/v2\/users\/1"}],"replies":[{"embeddable":true,"href":"https:\/\/aetheria.io.vn\/index.php?rest_route=%2Fwp%2Fv2%2Fcomments&post=9"}],"version-history":[{"count":3,"href":"https:\/\/aetheria.io.vn\/index.php?rest_route=\/wp\/v2\/pages\/9\/revisions"}],"predecessor-version":[{"id":616,"href":"https:\/\/aetheria.io.vn\/index.php?rest_route=\/wp\/v2\/pages\/9\/revisions\/616"}],"wp:attachment":[{"href":"https:\/\/aetheria.io.vn\/index.php?rest_route=%2Fwp%2Fv2%2Fmedia&parent=9"}],"curies":[{"name":"wp","href":"https:\/\/api.w.org\/{rel}","templated":true}]}}