{"id":156,"date":"2026-04-17T08:29:05","date_gmt":"2026-04-17T08:29:05","guid":{"rendered":"https:\/\/aetheria.io.vn\/?post_type=product&#038;p=156"},"modified":"2026-04-19T20:05:10","modified_gmt":"2026-04-19T13:05:10","slug":"bong-tai-bac-nu-dinh-da-doi-buom-xinh","status":"publish","type":"product","link":"https:\/\/aetheria.io.vn\/?product=bong-tai-bac-nu-dinh-da-doi-buom-xinh","title":{"rendered":"B\u00d4NG TAI B\u1ea0C N\u1eee \u0110\u00cdNH \u0110\u00c1 \u0110\u00d4I B\u01af\u1edaM XINH"},"content":{"rendered":"<p data-start=\"0\" data-end=\"339\">D\u01b0\u1edbi \u00e1nh n\u1ec1n t\u1ed1i huy\u1ec1n b\u00ed, t\u1eebng thi\u1ebft k\u1ebf khuy\u00ean tai hi\u1ec7n l\u00ean nh\u01b0 nh\u1eefng m\u1ea3nh gh\u00e9p c\u1ee7a \u00e1nh s\u00e1ng \u2013 tinh t\u1ebf, thanh tho\u00e1t nh\u01b0ng v\u1eabn \u0111\u1ea7y cu\u1ed1n h\u00fat. B\u1ed9 s\u01b0u t\u1eadp n\u00e0y mang c\u1ea3m h\u1ee9ng t\u1eeb v\u1ebb \u0111\u1eb9p mong manh c\u1ee7a c\u00e1nh hoa v\u00e0 chuy\u1ec3n \u0111\u1ed9ng nh\u1eb9 nh\u00e0ng c\u1ee7a t\u1ef1 nhi\u00ean, n\u01a1i m\u1ed7i chi ti\u1ebft \u0111\u1ec1u \u0111\u01b0\u1ee3c ch\u1ebf t\u00e1c t\u1ec9 m\u1ec9 \u0111\u1ec3 t\u1ea1o n\u00ean s\u1ef1 c\u00e2n b\u1eb1ng ho\u00e0n h\u1ea3o gi\u1eefa n\u1eef t\u00ednh v\u00e0 hi\u1ec7n \u0111\u1ea1i.<\/p>\n<p data-start=\"341\" data-end=\"769\">Nh\u1eefng vi\u00ean \u0111\u00e1 l\u1ea5p l\u00e1nh \u0111\u01b0\u1ee3c c\u1eaft g\u1ecdt tinh x\u1ea3o, t\u1ef1a nh\u01b0 nh\u1eefng gi\u1ecdt s\u01b0\u01a1ng s\u1edbm \u0111\u1ecdng l\u1ea1i tr\u00ean c\u00e1nh hoa, ph\u1ea3n chi\u1ebfu \u00e1nh s\u00e1ng theo t\u1eebng g\u00f3c nh\u00ecn. Thi\u1ebft k\u1ebf b\u1ea5t \u0111\u1ed1i x\u1ee9ng v\u1edbi ph\u1ea7n d\u00e2y r\u1ee7 m\u1ec1m m\u1ea1i kh\u00f4ng ch\u1ec9 t\u1ea1o \u0111i\u1ec3m nh\u1ea5n \u0111\u1ed9c \u0111\u00e1o m\u00e0 c\u00f2n mang \u0111\u1ebfn c\u1ea3m gi\u00e1c chuy\u1ec3n \u0111\u1ed9ng uy\u1ec3n chuy\u1ec3n m\u1ed7i khi b\u1ea1n b\u01b0\u1edbc \u0111i. S\u1ef1 k\u1ebft h\u1ee3p gi\u1eefa ba t\u00f4ng m\u00e0u \u2013 v\u00e0ng \u1ea5m \u00e1p, b\u1ea1c thanh l\u1ecbch v\u00e0 v\u00e0ng h\u1ed3ng d\u1ecbu d\u00e0ng \u2013 m\u1edf ra nhi\u1ec1u l\u1ef1a ch\u1ecdn, ph\u00f9 h\u1ee3p v\u1edbi m\u1ecdi phong c\u00e1ch v\u00e0 c\u00e1 t\u00ednh.<\/p>\n<p data-start=\"771\" data-end=\"1102\">Kh\u00f4ng ch\u1ec9 \u0111\u01a1n thu\u1ea7n l\u00e0 m\u1ed9t m\u00f3n trang s\u1ee9c, \u0111\u00e2y l\u00e0 tuy\u00ean ng\u00f4n c\u1ee7a s\u1ef1 tinh t\u1ebf. M\u1ed9t ch\u00fat nh\u1eb9 nh\u00e0ng nh\u01b0ng \u0111\u1ee7 n\u1ed5i b\u1eadt, m\u1ed9t ch\u00fat c\u1ed5 \u0111i\u1ec3n nh\u01b0ng v\u1eabn mang h\u01a1i th\u1edf hi\u1ec7n \u0111\u1ea1i. D\u00f9 l\u00e0 trong nh\u1eefng bu\u1ed5i ti\u1ec7c sang tr\u1ecdng hay kho\u1ea3nh kh\u1eafc \u0111\u1eddi th\u01b0\u1eddng, \u0111\u00f4i khuy\u00ean tai n\u00e0y v\u1eabn \u00e2m th\u1ea7m t\u1ecfa s\u00e1ng, gi\u00fap ng\u01b0\u1eddi \u0111eo th\u1ec3 hi\u1ec7n v\u1ebb \u0111\u1eb9p ri\u00eang m\u1ed9t c\u00e1ch t\u1ef1 nhi\u00ean nh\u1ea5t.<\/p>\n<p data-start=\"1104\" data-end=\"1214\" data-is-last-node=\"\" data-is-only-node=\"\">\u0110\u00e2y kh\u00f4ng ch\u1ec9 l\u00e0 ph\u1ee5 ki\u1ec7n \u2013 m\u00e0 l\u00e0 c\u1ea3m x\u00fac, l\u00e0 \u00e1nh s\u00e1ng, l\u00e0 s\u1ef1 thanh l\u1ecbch \u0111\u01b0\u1ee3c ch\u1eaft l\u1ecdc trong t\u1eebng \u0111\u01b0\u1eddng n\u00e9t.<\/p>\n","protected":false},"excerpt":{"rendered":"<p>B\u00f4ng tai \u0111\u01b0\u1ee3c l\u00e0m b\u1eb1ng b\u1ea1c S925 cao c\u1ea5p \u0111\u00ednh \u0111\u00e1 Cubic Zirconia v\u1edbi thi\u1ebft k\u1ebf \u0111\u00f4i uy\u00ean \u01b0\u01a1ng h\u1ed3 \u0111i\u1ec7p mang \u0111\u1ebfn s\u1ef1 cu\u1ed1n h\u00fat to\u00e1t l\u00ean v\u1ebb sang ch\u1ea3nh v\u00e0 n\u1ed5i b\u1eadt cho b\u1ea1n. Ch\u1eafc ch\u1eafn chi\u1ebfc b\u00f4ng tai n\u00e0y s\u1ebd l\u00e0 m\u1ed9t trong nh\u1eefng items x\u1ee9ng \u0111\u00e1ng nh\u1ea5t trong t\u1ee7 trang s\u1ee9c c\u1ee7a b\u1ea1n<\/p>\n","protected":false},"featured_media":157,"comment_status":"open","ping_status":"closed","template":"","meta":{"site-sidebar-layout":"default","site-content-layout":"","ast-site-content-layout":"default","site-content-style":"default","site-sidebar-style":"default","ast-global-header-display":"","ast-banner-title-visibility":"","ast-main-header-display":"","ast-hfb-above-header-display":"","ast-hfb-below-header-display":"","ast-hfb-mobile-header-display":"","site-post-title":"","ast-breadcrumbs-content":"","ast-featured-img":"","footer-sml-layout":"","ast-disable-related-posts":"","theme-transparent-header-meta":"default","adv-header-id-meta":"","stick-header-meta":"","header-above-stick-meta":"","header-main-stick-meta":"","header-below-stick-meta":"","astra-migrate-meta-layouts":"set","ast-page-background-enabled":"default","ast-page-background-meta":{"desktop":{"background-color":"var(--ast-global-color-5)","background-image":"","background-repeat":"repeat","background-position":"center center","background-size":"auto","background-attachment":"scroll","background-type":"","background-media":"","overlay-type":"","overlay-color":"","overlay-opacity":"","overlay-gradient":""},"tablet":{"background-color":"","background-image":"","background-repeat":"repeat","background-position":"center center","background-size":"auto","background-attachment":"scroll","background-type":"","background-media":"","overlay-type":"","overlay-color":"","overlay-opacity":"","overlay-gradient":""},"mobile":{"background-color":"","background-image":"","background-repeat":"repeat","background-position":"center center","background-size":"auto","background-attachment":"scroll","background-type":"","background-media":"","overlay-type":"","overlay-color":"","overlay-opacity":"","overlay-gradient":""}},"ast-content-background-meta":{"desktop":{"background-color":"var(--ast-global-color-4)","background-image":"","background-repeat":"repeat","background-position":"center center","background-size":"auto","background-attachment":"scroll","background-type":"","background-media":"","overlay-type":"","overlay-color":"","overlay-opacity":"","overlay-gradient":""},"tablet":{"background-color":"var(--ast-global-color-4)","background-image":"","background-repeat":"repeat","background-position":"center center","background-size":"auto","background-attachment":"scroll","background-type":"","background-media":"","overlay-type":"","overlay-color":"","overlay-opacity":"","overlay-gradient":""},"mobile":{"background-color":"var(--ast-global-color-4)","background-image":"","background-repeat":"repeat","background-position":"center center","background-size":"auto","background-attachment":"scroll","background-type":"","background-media":"","overlay-type":"","overlay-color":"","overlay-opacity":"","overlay-gradient":""}},"_joinchat":[]},"product_brand":[],"product_cat":[34,36],"product_tag":[19,24],"class_list":{"0":"post-156","1":"product","2":"type-product","3":"status-publish","4":"has-post-thumbnail","6":"product_cat-bong-tai","7":"product_cat-women","8":"product_tag-earrings","9":"product_tag-women","10":"desktop-align-center","11":"tablet-align-left","12":"mobile-align-left","14":"first","15":"instock","16":"shipping-taxable","17":"purchasable","18":"product-type-variable"},"_links":{"self":[{"href":"https:\/\/aetheria.io.vn\/index.php?rest_route=\/wp\/v2\/product\/156","targetHints":{"allow":["GET"]}}],"collection":[{"href":"https:\/\/aetheria.io.vn\/index.php?rest_route=\/wp\/v2\/product"}],"about":[{"href":"https:\/\/aetheria.io.vn\/index.php?rest_route=\/wp\/v2\/types\/product"}],"replies":[{"embeddable":true,"href":"https:\/\/aetheria.io.vn\/index.php?rest_route=%2Fwp%2Fv2%2Fcomments&post=156"}],"wp:featuredmedia":[{"embeddable":true,"href":"https:\/\/aetheria.io.vn\/index.php?rest_route=\/wp\/v2\/media\/157"}],"wp:attachment":[{"href":"https:\/\/aetheria.io.vn\/index.php?rest_route=%2Fwp%2Fv2%2Fmedia&parent=156"}],"wp:term":[{"taxonomy":"product_brand","embeddable":true,"href":"https:\/\/aetheria.io.vn\/index.php?rest_route=%2Fwp%2Fv2%2Fproduct_brand&post=156"},{"taxonomy":"product_cat","embeddable":true,"href":"https:\/\/aetheria.io.vn\/index.php?rest_route=%2Fwp%2Fv2%2Fproduct_cat&post=156"},{"taxonomy":"product_tag","embeddable":true,"href":"https:\/\/aetheria.io.vn\/index.php?rest_route=%2Fwp%2Fv2%2Fproduct_tag&post=156"}],"curies":[{"name":"wp","href":"https:\/\/api.w.org\/{rel}","templated":true}]}}