{"id":344,"date":"2026-04-17T12:27:16","date_gmt":"2026-04-17T12:27:16","guid":{"rendered":"https:\/\/aetheria.io.vn\/?post_type=product&#038;p=344"},"modified":"2026-04-17T20:49:23","modified_gmt":"2026-04-17T13:49:23","slug":"344","status":"publish","type":"product","link":"https:\/\/aetheria.io.vn\/?product=344","title":{"rendered":"C\u00e0i \u00c1o B\u1ea1c Cao C\u1ea5p Hoa Sen"},"content":{"rendered":"<p data-path-to-node=\"30\"><b data-path-to-node=\"30\" data-index-in-node=\"0\">C\u00c1I \u00c1O HOA SEN \u2013 B\u00ccNH AN V\u00c0 MAY M\u1eaeN THEO B\u1ea0N M\u1eccI N\u01a0I<\/b><\/p>\n<p data-path-to-node=\"31\">Trong v\u0103n h\u00f3a Vi\u1ec7t, hoa sen lu\u00f4n l\u00e0 bi\u1ec3u t\u01b0\u1ee3ng c\u1ee7a s\u1ef1 thu\u1ea7n khi\u1ebft, thanh cao v\u00e0 &#8220;g\u1ea7n b\u00f9n m\u00e0 ch\u1eb3ng h\u00f4i tanh m\u00f9i b\u00f9n&#8221;. Mang tr\u00ean m\u00ecnh m\u1ed9t chi\u1ebfc ghim c\u00e0i \u00e1o h\u00ecnh hoa sen kh\u00f4ng ch\u1ec9 gi\u00fap b\u1ea1n tr\u00f4ng th\u1eadt phong c\u00e1ch m\u00e0 c\u00f2n mang l\u1ea1i nhi\u1ec1u \u00fd ngh\u0129a phong th\u1ee7y t\u00edch c\u1ef1c:<\/p>\n<p data-path-to-node=\"32\">\ud83c\udf38 <b data-path-to-node=\"32\" data-index-in-node=\"3\">V\u1ebb \u0111\u1eb9p thanh cao:<\/b> Gi\u00fap ng\u01b0\u1eddi \u0111eo lu\u00f4n to\u00e1t l\u00ean v\u1ebb \u0111i\u1ec1m t\u0129nh, d\u1ecbu d\u00e0ng v\u00e0 cu\u1ed1n h\u00fat.<br \/>\n\ud83c\udf1f <b data-path-to-node=\"32\" data-index-in-node=\"89\">Ngh\u1ecb l\u1ef1c v\u01b0\u01a1n l\u00ean:<\/b> Nh\u1eafc nh\u1edf ch\u00fang ta v\u1ec1 s\u1ee9c s\u1ed1ng m\u1ea1nh m\u1ebd v\u00e0 kh\u1ea3 n\u0103ng v\u01b0\u1ee3t qua ngh\u1ecbch c\u1ea3nh.<br \/>\n\ud83d\ude07 <b data-path-to-node=\"32\" data-index-in-node=\"183\">B\u00ecnh an v\u00e0 may m\u1eafn:<\/b> Mang l\u1ea1i c\u1ea3m gi\u00e1c an y\u00ean trong t\u00e2m h\u1ed3n v\u00e0 thu h\u00fat nh\u1eefng \u0111i\u1ec1u t\u1ed1t \u0111\u1eb9p.<\/p>\n<p data-path-to-node=\"32\"><b data-path-to-node=\"20\" data-index-in-node=\"2\">C\u00f4ng d\u1ee5ng:<\/b><\/p>\n<ul data-path-to-node=\"21\">\n<li>\n<p data-path-to-node=\"21,0,0\">T\u1ea1o \u0111i\u1ec3m nh\u1ea5n cho \u00e1o vest, \u00e1o s\u01a1 mi, \u00e1o d\u00e0i, v\u00e1y, kh\u0103n cho\u00e0ng.<\/p>\n<\/li>\n<li>\n<p data-path-to-node=\"21,1,0\">Ph\u00f9 h\u1ee3p \u0111eo khi \u0111i l\u00e0m, \u0111i ch\u01a1i, d\u1ef1 ti\u1ec7c ho\u1eb7c c\u00e1c s\u1ef1 ki\u1ec7n quan tr\u1ecdng.<\/p>\n<\/li>\n<\/ul>\n<p data-path-to-node=\"22\"><b data-path-to-node=\"22\" data-index-in-node=\"3\">Tr\u1ecdn b\u1ed9 s\u1ea3n ph\u1ea9m bao g\u1ed3m:<\/b><\/p>\n<ol start=\"1\" data-path-to-node=\"23\">\n<li>\n<p data-path-to-node=\"23,0,0\">Ghim c\u00e0i \u00e1o b\u1ea1c Hoa Sen Aetheria.<\/p>\n<\/li>\n<li>\n<p data-path-to-node=\"23,1,0\">H\u1ed9p \u0111\u1ef1ng trang s\u1ee9c sang tr\u1ecdng.<\/p>\n<\/li>\n<li>\n<p data-path-to-node=\"23,2,0\">Kh\u0103n lau b\u1ea1c chuy\u00ean d\u1ee5ng.<\/p>\n<\/li>\n<li>\n<p data-path-to-node=\"23,3,0\">30ml dung d\u1ecbch l\u00e0m s\u1ea1ch b\u1ea1c Aetheria.<\/p>\n<\/li>\n<\/ol>\n<p data-path-to-node=\"24\"><b data-path-to-node=\"24\" data-index-in-node=\"3\">Cam k\u1ebft c\u1ee7a Aetheria:<\/b><\/p>\n<ul data-path-to-node=\"25\">\n<li>\n<p data-path-to-node=\"25,0,0\">S\u1ea3n ph\u1ea9m gi\u1ed1ng h\u00ecnh 100%.<\/p>\n<\/li>\n<li>\n<p data-path-to-node=\"25,1,0\">Ch\u1ea5t l\u01b0\u1ee3ng b\u1ea1c S925 \u0111\u00fang nh\u01b0 m\u00f4 t\u1ea3.<\/p>\n<\/li>\n<li>\n<p data-path-to-node=\"25,2,0\">H\u1ed7 tr\u1ee3 \u0111\u1ed5i tr\u1ea3 n\u1ebfu c\u00f3 l\u1ed7i t\u1eeb nh\u00e0 s\u1ea3n xu\u1ea5t.<br \/>\n\ud83d\udc49 \u0110\u1eb7t h\u00e0ng ngay \u0111\u1ec3 nh\u1eadn \u01b0u \u0111\u00e3i h\u1ea5p d\u1eabn!<\/p>\n<\/li>\n<\/ul>\n","protected":false},"excerpt":{"rendered":"<p>Ghim c\u00e0i \u00e1o b\u1ea1c Hoa Sen <b data-path-to-node=\"33\" data-index-in-node=\"24\">Aetheria<\/b> \u0111\u01b0\u1ee3c l\u00e0m t\u1eeb b\u1ea1c S925 cao c\u1ea5p, ch\u1ea1m kh\u1eafc tinh x\u1ea3o t\u1eebng c\u00e1nh hoa, l\u00e0 m\u00f3n qu\u00e0 \u00fd ngh\u0129a d\u00e0nh t\u1eb7ng cho ch\u00ednh b\u1ea1n ho\u1eb7c nh\u1eefng ng\u01b0\u1eddi th\u00e2n y\u00eau.<\/p>\n","protected":false},"featured_media":347,"comment_status":"open","ping_status":"closed","template":"","meta":{"site-sidebar-layout":"default","site-content-layout":"","ast-site-content-layout":"default","site-content-style":"default","site-sidebar-style":"default","ast-global-header-display":"","ast-banner-title-visibility":"","ast-main-header-display":"","ast-hfb-above-header-display":"","ast-hfb-below-header-display":"","ast-hfb-mobile-header-display":"","site-post-title":"","ast-breadcrumbs-content":"","ast-featured-img":"","footer-sml-layout":"","ast-disable-related-posts":"","theme-transparent-header-meta":"default","adv-header-id-meta":"","stick-header-meta":"","header-above-stick-meta":"","header-main-stick-meta":"","header-below-stick-meta":"","astra-migrate-meta-layouts":"set","ast-page-background-enabled":"default","ast-page-background-meta":{"desktop":{"background-color":"var(--ast-global-color-5)","background-image":"","background-repeat":"repeat","background-position":"center center","background-size":"auto","background-attachment":"scroll","background-type":"","background-media":"","overlay-type":"","overlay-color":"","overlay-opacity":"","overlay-gradient":""},"tablet":{"background-color":"","background-image":"","background-repeat":"repeat","background-position":"center center","background-size":"auto","background-attachment":"scroll","background-type":"","background-media":"","overlay-type":"","overlay-color":"","overlay-opacity":"","overlay-gradient":""},"mobile":{"background-color":"","background-image":"","background-repeat":"repeat","background-position":"center center","background-size":"auto","background-attachment":"scroll","background-type":"","background-media":"","overlay-type":"","overlay-color":"","overlay-opacity":"","overlay-gradient":""}},"ast-content-background-meta":{"desktop":{"background-color":"var(--ast-global-color-4)","background-image":"","background-repeat":"repeat","background-position":"center center","background-size":"auto","background-attachment":"scroll","background-type":"","background-media":"","overlay-type":"","overlay-color":"","overlay-opacity":"","overlay-gradient":""},"tablet":{"background-color":"var(--ast-global-color-4)","background-image":"","background-repeat":"repeat","background-position":"center center","background-size":"auto","background-attachment":"scroll","background-type":"","background-media":"","overlay-type":"","overlay-color":"","overlay-opacity":"","overlay-gradient":""},"mobile":{"background-color":"var(--ast-global-color-4)","background-image":"","background-repeat":"repeat","background-position":"center center","background-size":"auto","background-attachment":"scroll","background-type":"","background-media":"","overlay-type":"","overlay-color":"","overlay-opacity":"","overlay-gradient":""}},"_joinchat":[]},"product_brand":[],"product_cat":[38,35,36],"product_tag":[20,23,24],"class_list":{"0":"post-344","1":"product","2":"type-product","3":"status-publish","4":"has-post-thumbnail","6":"product_cat-clip","7":"product_cat-men","8":"product_cat-women","9":"product_tag-clip","10":"product_tag-men","11":"product_tag-women","12":"desktop-align-center","13":"tablet-align-left","14":"mobile-align-left","16":"first","17":"instock","18":"sale","19":"shipping-taxable","20":"purchasable","21":"product-type-variable"},"_links":{"self":[{"href":"https:\/\/aetheria.io.vn\/index.php?rest_route=\/wp\/v2\/product\/344","targetHints":{"allow":["GET"]}}],"collection":[{"href":"https:\/\/aetheria.io.vn\/index.php?rest_route=\/wp\/v2\/product"}],"about":[{"href":"https:\/\/aetheria.io.vn\/index.php?rest_route=\/wp\/v2\/types\/product"}],"replies":[{"embeddable":true,"href":"https:\/\/aetheria.io.vn\/index.php?rest_route=%2Fwp%2Fv2%2Fcomments&post=344"}],"wp:featuredmedia":[{"embeddable":true,"href":"https:\/\/aetheria.io.vn\/index.php?rest_route=\/wp\/v2\/media\/347"}],"wp:attachment":[{"href":"https:\/\/aetheria.io.vn\/index.php?rest_route=%2Fwp%2Fv2%2Fmedia&parent=344"}],"wp:term":[{"taxonomy":"product_brand","embeddable":true,"href":"https:\/\/aetheria.io.vn\/index.php?rest_route=%2Fwp%2Fv2%2Fproduct_brand&post=344"},{"taxonomy":"product_cat","embeddable":true,"href":"https:\/\/aetheria.io.vn\/index.php?rest_route=%2Fwp%2Fv2%2Fproduct_cat&post=344"},{"taxonomy":"product_tag","embeddable":true,"href":"https:\/\/aetheria.io.vn\/index.php?rest_route=%2Fwp%2Fv2%2Fproduct_tag&post=344"}],"curies":[{"name":"wp","href":"https:\/\/api.w.org\/{rel}","templated":true}]}}